{"id":1526,"date":"2024-04-30T01:05:25","date_gmt":"2024-04-29T23:05:25","guid":{"rendered":"https:\/\/gbsoft.io\/?page_id=1526"},"modified":"2024-04-30T01:17:40","modified_gmt":"2024-04-29T23:17:40","slug":"terms-of-service","status":"publish","type":"page","link":"https:\/\/gbsoft.io\/es\/terms-of-service\/","title":{"rendered":"T\u00e9rminos de servicio"},"content":{"rendered":"<div data-elementor-type=\"wp-page\" data-elementor-id=\"1526\" class=\"elementor elementor-1526\" data-elementor-post-type=\"page\">\n\t\t\t\t\t\t<section class=\"elementor-section elementor-top-section elementor-element elementor-element-3226612 elementor-section-height-min-height elementor-section-items-bottom elementor-section-boxed elementor-section-height-default\" data-id=\"3226612\" data-element_type=\"section\" data-e-type=\"section\" data-settings=\"{&quot;background_background&quot;:&quot;classic&quot;}\">\n\t\t\t\t\t\t\t<div class=\"elementor-background-overlay\"><\/div>\n\t\t\t\t\t\t\t<div class=\"elementor-container elementor-column-gap-default\">\n\t\t\t\t\t<div class=\"elementor-column elementor-col-33 elementor-top-column elementor-element elementor-element-2118dfc\" data-id=\"2118dfc\" data-element_type=\"column\" data-e-type=\"column\">\n\t\t\t<div class=\"elementor-widget-wrap\">\n\t\t\t\t\t\t\t<\/div>\n\t\t<\/div>\n\t\t\t\t<div class=\"elementor-column elementor-col-33 elementor-top-column elementor-element elementor-element-474776a\" data-id=\"474776a\" data-element_type=\"column\" data-e-type=\"column\">\n\t\t\t<div class=\"elementor-widget-wrap elementor-element-populated\">\n\t\t\t\t\t\t<section class=\"elementor-section elementor-inner-section elementor-element elementor-element-2ca1c2d elementor-section-boxed elementor-section-height-default elementor-section-height-default\" data-id=\"2ca1c2d\" data-element_type=\"section\" data-e-type=\"section\">\n\t\t\t\t\t\t<div class=\"elementor-container elementor-column-gap-default\">\n\t\t\t\t\t<div class=\"elementor-column elementor-col-100 elementor-inner-column elementor-element elementor-element-afa5590\" data-id=\"afa5590\" data-element_type=\"column\" data-e-type=\"column\">\n\t\t\t<div class=\"elementor-widget-wrap elementor-element-populated\">\n\t\t\t\t\t\t<div class=\"elementor-element elementor-element-012e2b4 elementor-widget elementor-widget-heading\" data-id=\"012e2b4\" data-element_type=\"widget\" data-e-type=\"widget\" data-widget_type=\"heading.default\">\n\t\t\t\t<div class=\"elementor-widget-container\">\n\t\t\t\t\t<h2 class=\"elementor-heading-title elementor-size-default\">T\u00e9rminos de servicio<\/h2>\t\t\t\t<\/div>\n\t\t\t\t<\/div>\n\t\t\t\t\t<\/div>\n\t\t<\/div>\n\t\t\t\t\t<\/div>\n\t\t<\/section>\n\t\t\t\t\t<\/div>\n\t\t<\/div>\n\t\t\t\t<div class=\"elementor-column elementor-col-33 elementor-top-column elementor-element elementor-element-1467743\" data-id=\"1467743\" data-element_type=\"column\" data-e-type=\"column\">\n\t\t\t<div class=\"elementor-widget-wrap\">\n\t\t\t\t\t\t\t<\/div>\n\t\t<\/div>\n\t\t\t\t\t<\/div>\n\t\t<\/section>\n\t\t\t\t<section class=\"elementor-section elementor-top-section elementor-element elementor-element-9a2c4e9 elementor-section-boxed elementor-section-height-default elementor-section-height-default\" data-id=\"9a2c4e9\" data-element_type=\"section\" data-e-type=\"section\" data-settings=\"{&quot;background_background&quot;:&quot;classic&quot;}\">\n\t\t\t\t\t\t<div class=\"elementor-container elementor-column-gap-default\">\n\t\t\t\t\t<div class=\"elementor-column elementor-col-33 elementor-top-column elementor-element elementor-element-4ffd4a7\" data-id=\"4ffd4a7\" data-element_type=\"column\" data-e-type=\"column\">\n\t\t\t<div class=\"elementor-widget-wrap\">\n\t\t\t\t\t\t\t<\/div>\n\t\t<\/div>\n\t\t\t\t<div class=\"elementor-column elementor-col-33 elementor-top-column elementor-element elementor-element-74cbcf4\" data-id=\"74cbcf4\" data-element_type=\"column\" data-e-type=\"column\">\n\t\t\t<div class=\"elementor-widget-wrap elementor-element-populated\">\n\t\t\t\t\t\t<div class=\"elementor-element elementor-element-273c370 elementor-widget elementor-widget-text-editor\" data-id=\"273c370\" data-element_type=\"widget\" data-e-type=\"widget\" data-widget_type=\"text-editor.default\">\n\t\t\t\t<div class=\"elementor-widget-container\">\n\t\t\t\t\t\t\t\t\t<p>T\u00c9RMINOS DE SERVICIO<br \/>Condiciones Generales<\/p><p>\u00a0<\/p><p>1. Todas las reglas, regulaciones y pagos contenidos en este documento est\u00e1n\nsujetos a cambios y revisiones por parte de GBS sin previo aviso por escrito.<\/p><p>\u00a0<\/p><p>2. Cualquier regla deportiva o ecuestre, no especificada en las reglas o\nregulaciones espec\u00edficas, ser\u00e1 decidida seg\u00fan las reglas oficiales de Las Vegas.<\/p><p>\u00a0<\/p><p>3. GBS no ser\u00e1 responsable de ning\u00fan da\u00f1o o p\u00e9rdida que se considere o alegue\nhaber resultado de o sido causado por este Sitio Web o su contenido. Esto\nincluye el uso o mal uso del contenido por parte de cualquier persona, la\nincapacidad de cualquier persona para conectarse o usar el sitio, demoras en\nlas operaciones o transmisiones, fallos en las l\u00edneas de comunicaci\u00f3n, o\ncualquier error u omisi\u00f3n en el contenido.<\/p><p>\u00a0<\/p><p>4. Todos los clientes deben tener al menos la edad legal para consumir bebidas\nalcoh\u00f3licas en su pa\u00eds, estado o jurisdicci\u00f3n particular.<\/p><p>\u00a0<\/p><p>5. Todas las reglas, regulaciones y cuotas de apuestas se actualizar\u00e1n\nconstantemente en nuestro sitio web, por lo que por favor verifique cualquier\nproblema o diferencia en las reglas antes de hacer una reclamaci\u00f3n a nuestro\npersonal de servicio al cliente.<\/p><p>\u00a0<\/p><p>6. GBS se reserva el derecho de limitar o rechazar una apuesta por cualquier\nmotivo, y tiene el derecho de rechazar apuestas de clientes que provienen de\nestados o jurisdicciones donde las apuestas en l\u00ednea son ilegales.<\/p><p>\u00a0<\/p><p>7. Todas las apuestas aceptadas por GBS ser\u00e1n honradas, a menos que haya\npruebas de trampas, intentos de hackeo o enga\u00f1o intencional. Cualquier\napuesta con cuotas incorrectas o inexactas puede ser cancelada por el grupo\nGBS sin previo aviso al cliente.<\/p><p>\u00a0<\/p><p>8. Los montos m\u00ednimos y m\u00e1ximos de las apuestas en todos los eventos\ndeportivos ser\u00e1n determinados por GBS y est\u00e1n sujetos a cambios sin previo\naviso por escrito. GBS tambi\u00e9n se reserva el derecho de ajustar los l\u00edmites en\ncuentas individuales.<\/p><p>\u00a0<\/p><p>9. GBS no aceptar\u00e1 una apuesta sin el n\u00famero de cuenta y la contrase\u00f1a correctos\npara apuestas telef\u00f3nicas y en l\u00ednea.<\/p><p>\u00a0<\/p><p>10.Cada cliente es responsable de mantener en secreto su cuenta y debe hacer\ntodo lo posible para evitar el uso de su n\u00famero de cuenta personal por parte de\nterceros. Cualquier transacci\u00f3n en la que se haya dado el n\u00famero de cuenta y la\ncontrase\u00f1a del titular de la cuenta para efectuar una apuesta se considerar\u00e1\nuna transacci\u00f3n v\u00e1lida, dependiendo solo del saldo actual en la cuenta.<\/p><p>\u00a0<\/p><p>11. Todas las cuentas se mantienen privadas y confidenciales. Todas las llamadas\ntelef\u00f3nicas se graban para la protecci\u00f3n de GBS y sus clientes en caso de\nposibles disputas. Debe reclamar una disputa dentro de los 7 d\u00edas posteriores a\nla apuesta calificada.<\/p><p>\u00a0<\/p><p>12.Al apostar en Internet, los miembros son los \u00fanicos responsables de las\ntransacciones de sus cuentas. Por favor, aseg\u00farese de revisar sus apuestas en\nbusca de errores antes de enviarlas. GBS no se responsabiliza de apuestas\nperdidas o duplicadas realizadas por el cliente y no atender\u00e1 solicitudes de\ndiscrepancia porque falta una jugada o est\u00e1 duplicada. Los clientes pueden\nrevisar sus transacciones en la secci\u00f3n de revisi\u00f3n de la cuenta despu\u00e9s de\ncada sesi\u00f3n para asegurarse de que todas las apuestas solicitadas fueron\naceptadas. \u00a1REVISA TODAS LAS TRANSACCIONES CUIDADOSAMENTE!<\/p><p>\u00a0<\/p><p>13. Las apuestas realizadas en l\u00ednea o por tel\u00e9fono pueden ser cambiadas o\ncanceladas por el cliente si se cumplen todas las siguientes condiciones:<br \/>A- Las\nl\u00edneas y cuotas son las mismas que las de la apuesta original<br \/>B- No han pasado\nm\u00e1s de 5 minutos desde el momento de la apuesta original<br \/>C- Los juegos no\nhan comenzado<\/p><p>\u00a0<\/p><p>14.Despu\u00e9s de realizar apuestas por tel\u00e9fono, el empleado leer\u00e1 las apuestas. Si la\nlectura o confirmaci\u00f3n es correcta, el cliente debe reconfirmar las apuestas\nindicando su n\u00famero de cliente y contrase\u00f1a. Si se cometieron errores por parte\ndel empleado, es responsabilidad del cliente informar al empleado antes de\nfinalizar la llamada. Una vez que el cliente confirma una lectura, las apuestas\nson finales. Si un cliente no confirma sus jugadas dando su c\u00f3digo y contrase\u00f1a\ny cuelga antes de la lectura, todas las jugadas se consideran finales.<\/p><p>\u00a0<\/p><p>15.Si el cliente tiene problemas telef\u00f3nicos y es desconectado antes de recibir una\nlectura, es su responsabilidad llamar lo antes posible y verificar sus apuestas\npendientes. Si el cliente dio al empleado un equipo y monto antes de ser\ndesconectado, las apuestas entrar\u00e1n en el sistema aunque no haya habido una\nlectura.<\/p><p>\u00a0<\/p><p>16. Las apuestas se califican solo despu\u00e9s de que el concurso es final.<\/p><p>\u00a0<\/p><p>17. \u2013 Los eventos de b\u00e9isbol, f\u00fatbol americano, baloncesto, hockey y f\u00fatbol deben\njugarse en la fecha especificada del juego. Cualquier juego que sea cancelado o\npospuesto se considerar\u00e1 \"sin acci\u00f3n\" y los fondos se devolver\u00e1n a su cuenta. \u2013\nTenis, boxeo, Nascar y golf deben jugarse dentro de los 7 d\u00edas posteriores a la\nfecha originalmente programada.<\/p><p>\u00a0<\/p><p>18.En cuanto a juegos suspendidos, juegos continuados y decisiones revertidas,\nGBS sigue las reglas de juego generalmente aceptadas de Las Vegas.<\/p><p>\u00a0<\/p><p>19.En todas las apuestas futuras (por ejemplo, ganador del Super Bowl, etc.), el\nganador determinado por el Comisionado de la Liga tambi\u00e9n ser\u00e1 declarado el\nganador para fines de apuestas. Para fines de apuestas en f\u00fatbol americano\nuniversitario, el ganador del juego del Campeonato BCS ser\u00e1 declarado el\nCampe\u00f3n Nacional. Cualquier tipo de apuesta futura no contar\u00e1 para ning\u00fan\nrequisito de rollover.<\/p><p>\u00a0<\/p><p>20.En las carreras de caballos, el empleado le dar\u00e1 al jugador una HORA DE\nPOSTERIOR una vez que el boleto est\u00e9 completado. Esta HORA DE POSTERIOR\nes la que se comparar\u00e1 con las horas publicadas en el sitio de calificaci\u00f3n. La\nHORA DE POSTERIOR dada al cliente debe ser la misma o anterior a la HORA DE\nCIERRE publicada en el sitio. Nuestras horas de cierre son no negociables y\nfinales. Cualquier apuesta de caballos no contar\u00e1 para ning\u00fan requisito de\nrollover.<\/p><p>\u00a0<\/p><p>21.GBS se basa completamente en la informaci\u00f3n proporcionada por el cliente en\nla solicitud para establecer una cuenta de apuestas. Los pagos solo se har\u00e1n al\nnombre en la cuenta. No se permiten cheques ni ning\u00fan otro m\u00e9todo de pago a\nterceros.<\/p><p>\u00a0<\/p><p>22.En caso de que se acrediten fondos por error en la cuenta de un cliente, es\nresponsabilidad del cliente notificar sin demora a VIP Sportsbook sobre dicho\nerror. A menos que GBS lo notifique de otro modo, cualquier transacci\u00f3n\nrealizada ser\u00e1 nula<\/p><p>\u00a0<\/p><p>23.Aunque nuestro sistema inform\u00e1tico mantiene saldos exactos de los clientes,\nes responsabilidad del cliente asegurarse de que su saldo sea correcto cada vez\nque se ingrese su n\u00famero de cuenta o por tel\u00e9fono cuando sea aplicable.<\/p>\t\t\t\t\t\t\t\t<\/div>\n\t\t\t\t<\/div>\n\t\t\t\t\t<\/div>\n\t\t<\/div>\n\t\t\t\t<div class=\"elementor-column elementor-col-33 elementor-top-column elementor-element elementor-element-b7a9fed\" data-id=\"b7a9fed\" data-element_type=\"column\" data-e-type=\"column\">\n\t\t\t<div class=\"elementor-widget-wrap\">\n\t\t\t\t\t\t\t<\/div>\n\t\t<\/div>\n\t\t\t\t\t<\/div>\n\t\t<\/section>\n\t\t\t\t<section class=\"elementor-section elementor-top-section elementor-element elementor-element-97d1833 elementor-section-boxed elementor-section-height-default elementor-section-height-default\" data-id=\"97d1833\" data-element_type=\"section\" data-e-type=\"section\">\n\t\t\t\t\t\t<div class=\"elementor-container elementor-column-gap-default\">\n\t\t\t\t\t<div class=\"elementor-column elementor-col-100 elementor-top-column elementor-element elementor-element-42bda84\" data-id=\"42bda84\" data-element_type=\"column\" data-e-type=\"column\">\n\t\t\t<div class=\"elementor-widget-wrap elementor-element-populated\">\n\t\t\t\t\t\t<div class=\"elementor-element elementor-element-805c7e0 elementor-widget elementor-widget-html\" data-id=\"805c7e0\" data-element_type=\"widget\" data-e-type=\"widget\" data-widget_type=\"html.default\">\n\t\t\t\t<div class=\"elementor-widget-container\">\n\t\t\t\t\t<!-- Event snippet for Vista de p\u00e1gina conversion page -->\n<script>\n  gtag('event', 'conversion', {'send_to': 'AW-11468894302\/7jOYCOahl4cZEN7g5dwq'});\n<\/script>\t\t\t\t<\/div>\n\t\t\t\t<\/div>\n\t\t\t\t\t<\/div>\n\t\t<\/div>\n\t\t\t\t\t<\/div>\n\t\t<\/section>\n\t\t\t\t<\/div>","protected":false},"excerpt":{"rendered":"<p>Terms Of Service TERMS OF SERVICEGeneral Conditions \u00a0 1. All rules, regulations and payos contained herein are subject to changes and revisions by GBS without prior wrien notice. \u00a0 2. Any sports or horse ruling, not specifically stated in the specific rules or regulations, will be decided by the ocial Las Vegas rules. \u00a0 3. [&hellip;]<\/p>\n","protected":false},"author":1,"featured_media":0,"parent":0,"menu_order":0,"comment_status":"closed","ping_status":"closed","template":"","meta":{"footnotes":""},"class_list":["post-1526","page","type-page","status-publish","hentry"],"yoast_head":"<!-- This site is optimized with the Yoast SEO plugin v27.0 - https:\/\/yoast.com\/product\/yoast-seo-wordpress\/ -->\n<title>Terms Of Service - GBS<\/title>\n<meta name=\"robots\" content=\"index, follow, max-snippet:-1, max-image-preview:large, max-video-preview:-1\" \/>\n<link rel=\"canonical\" href=\"https:\/\/gbsoft.io\/es\/terms-of-service\/\" \/>\n<meta property=\"og:locale\" content=\"es_ES\" \/>\n<meta property=\"og:type\" content=\"article\" \/>\n<meta property=\"og:title\" content=\"Terms Of Service - GBS\" \/>\n<meta property=\"og:description\" content=\"Terms Of Service TERMS OF SERVICEGeneral Conditions \u00a0 1. All rules, regulations and payos contained herein are subject to changes and revisions by GBS without prior wrien notice. \u00a0 2. Any sports or horse ruling, not specifically stated in the specific rules or regulations, will be decided by the ocial Las Vegas rules. \u00a0 3. [&hellip;]\" \/>\n<meta property=\"og:url\" content=\"https:\/\/gbsoft.io\/es\/terms-of-service\/\" \/>\n<meta property=\"og:site_name\" content=\"GBS\" \/>\n<meta property=\"article:modified_time\" content=\"2024-04-29T23:17:40+00:00\" \/>\n<meta name=\"twitter:card\" content=\"summary_large_image\" \/>\n<meta name=\"twitter:label1\" content=\"Tiempo de lectura\" \/>\n\t<meta name=\"twitter:data1\" content=\"5 minutos\" \/>\n<script type=\"application\/ld+json\" class=\"yoast-schema-graph\">{\"@context\":\"https:\/\/schema.org\",\"@graph\":[{\"@type\":\"WebPage\",\"@id\":\"https:\/\/gbsoft.io\/terms-of-service\/\",\"url\":\"https:\/\/gbsoft.io\/terms-of-service\/\",\"name\":\"Terms Of Service - GBS\",\"isPartOf\":{\"@id\":\"https:\/\/gbsoft.io\/#website\"},\"datePublished\":\"2024-04-29T23:05:25+00:00\",\"dateModified\":\"2024-04-29T23:17:40+00:00\",\"breadcrumb\":{\"@id\":\"https:\/\/gbsoft.io\/terms-of-service\/#breadcrumb\"},\"inLanguage\":\"es\",\"potentialAction\":[{\"@type\":\"ReadAction\",\"target\":[\"https:\/\/gbsoft.io\/terms-of-service\/\"]}]},{\"@type\":\"BreadcrumbList\",\"@id\":\"https:\/\/gbsoft.io\/terms-of-service\/#breadcrumb\",\"itemListElement\":[{\"@type\":\"ListItem\",\"position\":1,\"name\":\"Portada\",\"item\":\"https:\/\/gbsoft.io\/\"},{\"@type\":\"ListItem\",\"position\":2,\"name\":\"Terms Of Service\"}]},{\"@type\":\"WebSite\",\"@id\":\"https:\/\/gbsoft.io\/#website\",\"url\":\"https:\/\/gbsoft.io\/\",\"name\":\"GBS\",\"description\":\"Effective Software Whitelabel Solution For Your\u00a0Company\",\"publisher\":{\"@id\":\"https:\/\/gbsoft.io\/#organization\"},\"potentialAction\":[{\"@type\":\"SearchAction\",\"target\":{\"@type\":\"EntryPoint\",\"urlTemplate\":\"https:\/\/gbsoft.io\/?s={search_term_string}\"},\"query-input\":{\"@type\":\"PropertyValueSpecification\",\"valueRequired\":true,\"valueName\":\"search_term_string\"}}],\"inLanguage\":\"es\"},{\"@type\":\"Organization\",\"@id\":\"https:\/\/gbsoft.io\/#organization\",\"name\":\"GBS\",\"url\":\"https:\/\/gbsoft.io\/\",\"logo\":{\"@type\":\"ImageObject\",\"inLanguage\":\"es\",\"@id\":\"https:\/\/gbsoft.io\/#\/schema\/logo\/image\/\",\"url\":\"https:\/\/gbsoft.io\/wp-content\/uploads\/2023\/09\/LOGO-1.png\",\"contentUrl\":\"https:\/\/gbsoft.io\/wp-content\/uploads\/2023\/09\/LOGO-1.png\",\"width\":1080,\"height\":1080,\"caption\":\"GBS\"},\"image\":{\"@id\":\"https:\/\/gbsoft.io\/#\/schema\/logo\/image\/\"}}]}<\/script>\n<!-- \/ Yoast SEO plugin. -->","yoast_head_json":{"title":"Terms Of Service - GBS","robots":{"index":"index","follow":"follow","max-snippet":"max-snippet:-1","max-image-preview":"max-image-preview:large","max-video-preview":"max-video-preview:-1"},"canonical":"https:\/\/gbsoft.io\/es\/terms-of-service\/","og_locale":"es_ES","og_type":"article","og_title":"Terms Of Service - GBS","og_description":"Terms Of Service TERMS OF SERVICEGeneral Conditions \u00a0 1. All rules, regulations and payos contained herein are subject to changes and revisions by GBS without prior wrien notice. \u00a0 2. Any sports or horse ruling, not specifically stated in the specific rules or regulations, will be decided by the ocial Las Vegas rules. \u00a0 3. [&hellip;]","og_url":"https:\/\/gbsoft.io\/es\/terms-of-service\/","og_site_name":"GBS","article_modified_time":"2024-04-29T23:17:40+00:00","twitter_card":"summary_large_image","twitter_misc":{"Tiempo de lectura":"5 minutos"},"schema":{"@context":"https:\/\/schema.org","@graph":[{"@type":"WebPage","@id":"https:\/\/gbsoft.io\/terms-of-service\/","url":"https:\/\/gbsoft.io\/terms-of-service\/","name":"Terms Of Service - GBS","isPartOf":{"@id":"https:\/\/gbsoft.io\/#website"},"datePublished":"2024-04-29T23:05:25+00:00","dateModified":"2024-04-29T23:17:40+00:00","breadcrumb":{"@id":"https:\/\/gbsoft.io\/terms-of-service\/#breadcrumb"},"inLanguage":"es","potentialAction":[{"@type":"ReadAction","target":["https:\/\/gbsoft.io\/terms-of-service\/"]}]},{"@type":"BreadcrumbList","@id":"https:\/\/gbsoft.io\/terms-of-service\/#breadcrumb","itemListElement":[{"@type":"ListItem","position":1,"name":"Portada","item":"https:\/\/gbsoft.io\/"},{"@type":"ListItem","position":2,"name":"Terms Of Service"}]},{"@type":"WebSite","@id":"https:\/\/gbsoft.io\/#website","url":"https:\/\/gbsoft.io\/","name":"GBS","description":"Effective Software Whitelabel Solution For Your\u00a0Company","publisher":{"@id":"https:\/\/gbsoft.io\/#organization"},"potentialAction":[{"@type":"SearchAction","target":{"@type":"EntryPoint","urlTemplate":"https:\/\/gbsoft.io\/?s={search_term_string}"},"query-input":{"@type":"PropertyValueSpecification","valueRequired":true,"valueName":"search_term_string"}}],"inLanguage":"es"},{"@type":"Organization","@id":"https:\/\/gbsoft.io\/#organization","name":"GBS","url":"https:\/\/gbsoft.io\/","logo":{"@type":"ImageObject","inLanguage":"es","@id":"https:\/\/gbsoft.io\/#\/schema\/logo\/image\/","url":"https:\/\/gbsoft.io\/wp-content\/uploads\/2023\/09\/LOGO-1.png","contentUrl":"https:\/\/gbsoft.io\/wp-content\/uploads\/2023\/09\/LOGO-1.png","width":1080,"height":1080,"caption":"GBS"},"image":{"@id":"https:\/\/gbsoft.io\/#\/schema\/logo\/image\/"}}]}},"_links":{"self":[{"href":"https:\/\/gbsoft.io\/es\/wp-json\/wp\/v2\/pages\/1526","targetHints":{"allow":["GET"]}}],"collection":[{"href":"https:\/\/gbsoft.io\/es\/wp-json\/wp\/v2\/pages"}],"about":[{"href":"https:\/\/gbsoft.io\/es\/wp-json\/wp\/v2\/types\/page"}],"author":[{"embeddable":true,"href":"https:\/\/gbsoft.io\/es\/wp-json\/wp\/v2\/users\/1"}],"replies":[{"embeddable":true,"href":"https:\/\/gbsoft.io\/es\/wp-json\/wp\/v2\/comments?post=1526"}],"version-history":[{"count":22,"href":"https:\/\/gbsoft.io\/es\/wp-json\/wp\/v2\/pages\/1526\/revisions"}],"predecessor-version":[{"id":1549,"href":"https:\/\/gbsoft.io\/es\/wp-json\/wp\/v2\/pages\/1526\/revisions\/1549"}],"wp:attachment":[{"href":"https:\/\/gbsoft.io\/es\/wp-json\/wp\/v2\/media?parent=1526"}],"curies":[{"name":"wp","href":"https:\/\/api.w.org\/{rel}","templated":true}]}}