{"id":1550,"date":"2024-04-30T01:18:30","date_gmt":"2024-04-29T23:18:30","guid":{"rendered":"https:\/\/gbsoft.io\/?page_id=1550"},"modified":"2024-04-30T01:28:21","modified_gmt":"2024-04-29T23:28:21","slug":"aml-anti-money-laundering","status":"publish","type":"page","link":"https:\/\/gbsoft.io\/es\/aml-anti-money-laundering\/","title":{"rendered":"Ald Anti Lavado de Dinero"},"content":{"rendered":"<div data-elementor-type=\"wp-page\" data-elementor-id=\"1550\" class=\"elementor elementor-1550\" data-elementor-post-type=\"page\">\n\t\t\t\t\t\t<section class=\"elementor-section elementor-top-section elementor-element elementor-element-3226612 elementor-section-height-min-height elementor-section-items-bottom elementor-section-boxed elementor-section-height-default\" data-id=\"3226612\" data-element_type=\"section\" data-e-type=\"section\" data-settings=\"{&quot;background_background&quot;:&quot;classic&quot;}\">\n\t\t\t\t\t\t\t<div class=\"elementor-background-overlay\"><\/div>\n\t\t\t\t\t\t\t<div class=\"elementor-container elementor-column-gap-default\">\n\t\t\t\t\t<div class=\"elementor-column elementor-col-33 elementor-top-column elementor-element elementor-element-2118dfc\" data-id=\"2118dfc\" data-element_type=\"column\" data-e-type=\"column\">\n\t\t\t<div class=\"elementor-widget-wrap\">\n\t\t\t\t\t\t\t<\/div>\n\t\t<\/div>\n\t\t\t\t<div class=\"elementor-column elementor-col-33 elementor-top-column elementor-element elementor-element-474776a\" data-id=\"474776a\" data-element_type=\"column\" data-e-type=\"column\">\n\t\t\t<div class=\"elementor-widget-wrap elementor-element-populated\">\n\t\t\t\t\t\t<section class=\"elementor-section elementor-inner-section elementor-element elementor-element-2ca1c2d elementor-section-boxed elementor-section-height-default elementor-section-height-default\" data-id=\"2ca1c2d\" data-element_type=\"section\" data-e-type=\"section\">\n\t\t\t\t\t\t<div class=\"elementor-container elementor-column-gap-default\">\n\t\t\t\t\t<div class=\"elementor-column elementor-col-100 elementor-inner-column elementor-element elementor-element-afa5590\" data-id=\"afa5590\" data-element_type=\"column\" data-e-type=\"column\">\n\t\t\t<div class=\"elementor-widget-wrap elementor-element-populated\">\n\t\t\t\t\t\t<div class=\"elementor-element elementor-element-012e2b4 elementor-widget elementor-widget-heading\" data-id=\"012e2b4\" data-element_type=\"widget\" data-e-type=\"widget\" data-widget_type=\"heading.default\">\n\t\t\t\t<div class=\"elementor-widget-container\">\n\t\t\t\t\t<h2 class=\"elementor-heading-title elementor-size-default\">Ald Anti Lavado de Dinero<\/h2>\t\t\t\t<\/div>\n\t\t\t\t<\/div>\n\t\t\t\t\t<\/div>\n\t\t<\/div>\n\t\t\t\t\t<\/div>\n\t\t<\/section>\n\t\t\t\t\t<\/div>\n\t\t<\/div>\n\t\t\t\t<div class=\"elementor-column elementor-col-33 elementor-top-column elementor-element elementor-element-1467743\" data-id=\"1467743\" data-element_type=\"column\" data-e-type=\"column\">\n\t\t\t<div class=\"elementor-widget-wrap\">\n\t\t\t\t\t\t\t<\/div>\n\t\t<\/div>\n\t\t\t\t\t<\/div>\n\t\t<\/section>\n\t\t\t\t<section class=\"elementor-section elementor-top-section elementor-element elementor-element-9a2c4e9 elementor-section-boxed elementor-section-height-default elementor-section-height-default\" data-id=\"9a2c4e9\" data-element_type=\"section\" data-e-type=\"section\" data-settings=\"{&quot;background_background&quot;:&quot;classic&quot;}\">\n\t\t\t\t\t\t<div class=\"elementor-container elementor-column-gap-default\">\n\t\t\t\t\t<div class=\"elementor-column elementor-col-33 elementor-top-column elementor-element elementor-element-4ffd4a7\" data-id=\"4ffd4a7\" data-element_type=\"column\" data-e-type=\"column\">\n\t\t\t<div class=\"elementor-widget-wrap\">\n\t\t\t\t\t\t\t<\/div>\n\t\t<\/div>\n\t\t\t\t<div class=\"elementor-column elementor-col-33 elementor-top-column elementor-element elementor-element-74cbcf4\" data-id=\"74cbcf4\" data-element_type=\"column\" data-e-type=\"column\">\n\t\t\t<div class=\"elementor-widget-wrap elementor-element-populated\">\n\t\t\t\t\t\t<div class=\"elementor-element elementor-element-273c370 elementor-widget elementor-widget-text-editor\" data-id=\"273c370\" data-element_type=\"widget\" data-e-type=\"widget\" data-widget_type=\"text-editor.default\">\n\t\t\t\t<div class=\"elementor-widget-container\">\n\t\t\t\t\t\t\t\t\t<p>El C\u00f3digo Penal de Curazao establece los procedimientos\npara el enjuiciamiento de un delito de lavado de dinero, as\u00ed como las medidas para la\nconfiscaci\u00f3n de bienes tras una condena por lavado de dinero, medidas para el\ncongelamiento de activos cuando una persona es acusada de un delito de lavado de\ndinero y medidas para la emisi\u00f3n de una orden de investigaci\u00f3n y\/o embargo cuando se\nsospecha que una persona ha cometido un delito de lavado de dinero.<\/p><p><br \/>Las pol\u00edticas y procedimientos en este Manual tienen como objetivo cumplir con las\nreglas y orientaciones contenidas en el NOPML, el NORUT y el NOIS, que a su vez se\nrefieren al C\u00f3digo Penal.<\/p><p><br \/>Adem\u00e1s de estas regulaciones, el Banco Central de Curazao y Sint Maarten ha\nintroducido un marco integral con disposiciones y directrices para prevenir y combatir\nel lavado de dinero y la financiaci\u00f3n del terrorismo (en adelante: las \u201cDisposiciones y\nDirectrices\u201d o \u201cP&amp;G\u201d). Curazao, como miembro del GAFI, ha basado estas\nDisposiciones y Directrices, entre otras cosas, en las recomendaciones del GAFI.<\/p><p><br \/>Tanto el NORUT como el NOIS son aplicables a entidades que ofrecen la posibilidad de\nparticipar en juegos de azar en alta mar (juegos de azar en l\u00ednea) dentro o fuera de\nCurazao, que es el caso de la Compa\u00f1\u00eda. El NOIS proh\u00edbe a las personas sujetas formar\nuna relaci\u00f3n comercial o realizar una transacci\u00f3n ocasional con un solicitante de\nnegocios a menos que dicha persona sujeta mantenga las siguientes medidas y\nprocedimientos establecidos en relaci\u00f3n con ese negocio de acuerdo con las\ndisposiciones del NOIS:<\/p><p><br \/>Medidas de diligencia debida del cliente;<br \/>Procedimientos de mantenimiento de registros; y<br \/>Procedimientos de informes internos.<br \/>La Compa\u00f1\u00eda est\u00e1 obligada a aplicar las medidas y procedimientos anteriores, incluso\nen los casos de relaciones o transacciones no presenciales, directa o indirectamente a\ntrav\u00e9s de su empresa del grupo afiliada.<\/p><p><br \/>La Compa\u00f1\u00eda tambi\u00e9n est\u00e1 obligada a garantizar que los empleados sean conscientes\nde la legislaci\u00f3n aplicable en materia de AML\/CFT, as\u00ed como de las pol\u00edticas y medidas\nde la persona sujeta al respecto. Los empleados deben someterse a procedimientos\nde diligencia debida antes de su contrataci\u00f3n y tambi\u00e9n deben recibir capacitaci\u00f3n\nsobre el reconocimiento y manejo de transacciones realizadas por, o en nombre de,\ncualquier persona que pueda haber estado, est\u00e9 o parezca estar involucrada en el\nlavado de dinero o la financiaci\u00f3n del terrorismo.<\/p><p><br \/>Riesgo de AML<br \/>Una declaraci\u00f3n clara de la cultura y los valores adoptados hacia la\nprevenci\u00f3n del crimen financiero;<\/p><p><br \/>Un compromiso para asegurar que la identidad sea verificada satisfactoriamente en\ntodos los casos y de manera basada en el riesgo, antes de que los solicitantes de\nnegocios sean aceptados como clientes;<\/p><p><br \/>Un compromiso para la diligencia debida continua del cliente a lo largo de la relaci\u00f3n\ncomercial;<\/p><p><br \/>Un compromiso para asegurar que el personal est\u00e9 capacitado y consciente de la ley,\nsus obligaciones legales y c\u00f3mo cumplir con esas obligaciones;<\/p><p><br \/>Una asignaci\u00f3n clara de roles, responsabilidades y estructura organizativa, y el\nreconocimiento de la importancia de que el personal reporte r\u00e1pidamente sus\nsospechas internamente.<\/p><p><br \/>Factores de riesgo de AML<br \/>Se mantendr\u00e1 una visi\u00f3n general de la evaluaci\u00f3n de riesgo\nempresarial de AML para asignar y rastrear los componentes de las clasificaciones de\nriesgo separadas.<\/p><p><br \/>Riesgo del cliente<br \/>Riesgo de interfaz<br \/>Riesgo geogr\u00e1fico<br \/>Evaluaci\u00f3n de riesgo<\/p><p><br \/>Las Procedimientos de Implementaci\u00f3n establecen que el\nprop\u00f3sito de los procedimientos de evaluaci\u00f3n de riesgos es permitir que la Compa\u00f1\u00eda\nest\u00e9 en condiciones de identificar y evaluar los riesgos de LD\/FT a los que la persona\nsujeta est\u00e1 o puede estar expuesta y, por lo tanto, determinar:<\/p><p><br \/>Si es necesario aplicar la diligencia debida mejorada; El momento en que se debe\naplicar la diligencia debida del cliente de acuerdo con el NOIS a los clientes existentes;\ny Si un cliente presenta un bajo riesgo de LD\/FT para los fines de retrasar la realizaci\u00f3n\nde los procedimientos de verificaci\u00f3n hasta despu\u00e9s del inicio de una relaci\u00f3n\ncomercial.<\/p><p><br \/>Enfoque basado en el riesgo<\/p><p><br \/>La evaluaci\u00f3n de riesgo para la Compa\u00f1\u00eda se lleva a cabo\nen la etapa de incorporaci\u00f3n (antes del compromiso) y posteriormente a intervalos\nmensuales peri\u00f3dicos. Los clientes de la Compa\u00f1\u00eda est\u00e1n sujetos a procedimientos\niniciales y continuos de diligencia debida basados en el riesgo. La diligencia debida\ninicial busca obtener la identidad del cliente y verificar la identidad antes del\nestablecimiento de la relaci\u00f3n comercial.<\/p><p><br \/>Se obtiene informaci\u00f3n sobre el prop\u00f3sito y la naturaleza prevista de la relaci\u00f3n\ncomercial, de manera que la Compa\u00f1\u00eda pueda establecer el perfil comercial y de riesgo\ndel cliente y aceptar o rechazar a un cliente. Los procedimientos continuos aseguran\nque la informaci\u00f3n de la diligencia debida inicial se mantenga actualizada. El enfoque\nbasado en el riesgo para la prevenci\u00f3n del crimen financiero se refleja en el enfoque de\nla operaci\u00f3n y el desarrollo de los sistemas y controles dise\u00f1ados para minimizar el\nriesgo de que la Corporaci\u00f3n Mirage sea utilizada para fines de crimen financiero. El\nriesgo es central para el desarrollo del negocio, nuevos productos, desarrollo de\nfuncionalidad de productos o la operaci\u00f3n en nuevos mercados.<\/p><p><br \/>Evaluaci\u00f3n del riesgo de crimen financiero<\/p><p>Las evaluaciones de riesgo de crimen\nfinanciero se llevan a cabo de manera continua y, en particular, se aplican cuando el\nentorno empresarial cambia, por ejemplo:<\/p><p><br \/>Entrada en nuevos mercados<\/p><p><br \/>Desarrollo de nuevos productos o caracter\u00edsticas de productos<\/p><p><br \/>Funcionalidad<\/p><p><br \/>Los resultados de la evaluaci\u00f3n del riesgo de crimen financiero se utilizar\u00e1n para\napoyar el desarrollo de sistemas y controles apropiados (pol\u00edticas y procedimientos)\ndise\u00f1ados para minimizar el riesgo de ser utilizados para fines de crimen financiero.\nLos desarrollos se informar\u00e1n al Consejo<\/p><p><br \/>Mitigaci\u00f3n del riesgo<br \/>Buscamos minimizar las oportunidades para llevar a cabo\ncrimen financiero, es decir, lavado de dinero o financiaci\u00f3n del terrorismo, y luego\nabordar y mitigar cualquier riesgo. Los controles internos se centran en:<\/p><p><br \/>Diligencia debida de los clientes, incluidos los niveles de diligencia debida\nmejorada basados en las evaluaciones de riesgo de cada cliente;<br \/>Evaluaci\u00f3n de riesgos y establecimiento de medidas para mitigar dichos riesgos;<br \/>Monitoreo de factores de riesgo clave para reevaluar el riesgo espec\u00edfico de un\ncliente;<br \/>Los sistemas y controles de crimen financiero se seguir\u00e1n desarrollando con el\ntiempo para abordar adecuadamente el entorno de riesgo cambiante.<br \/>Los\nsistemas y controles existentes se revisar\u00e1n y, cuando sea necesario, se\nmodificar\u00e1n para reflejar cambios en el riesgo evaluado y vulnerabilidades\nidentificadas.<br \/>Las Disposiciones y Directrices establecen que es esencial\nque los controles para gestionar y mitigar los riesgos identificados se monitoreen\nconstantemente. Esto debe hacerse para que, en caso de un cambio en las\ncircunstancias, que pueda mitigar o exacerbar un riesgo particular, el control\nrespectivo se modifique en consecuencia.<\/p>\t\t\t\t\t\t\t\t<\/div>\n\t\t\t\t<\/div>\n\t\t\t\t\t<\/div>\n\t\t<\/div>\n\t\t\t\t<div class=\"elementor-column elementor-col-33 elementor-top-column elementor-element elementor-element-b7a9fed\" data-id=\"b7a9fed\" data-element_type=\"column\" data-e-type=\"column\">\n\t\t\t<div class=\"elementor-widget-wrap\">\n\t\t\t\t\t\t\t<\/div>\n\t\t<\/div>\n\t\t\t\t\t<\/div>\n\t\t<\/section>\n\t\t\t\t<section class=\"elementor-section elementor-top-section elementor-element elementor-element-97d1833 elementor-section-boxed elementor-section-height-default elementor-section-height-default\" data-id=\"97d1833\" data-element_type=\"section\" data-e-type=\"section\">\n\t\t\t\t\t\t<div class=\"elementor-container elementor-column-gap-default\">\n\t\t\t\t\t<div class=\"elementor-column elementor-col-100 elementor-top-column elementor-element elementor-element-42bda84\" data-id=\"42bda84\" data-element_type=\"column\" data-e-type=\"column\">\n\t\t\t<div class=\"elementor-widget-wrap elementor-element-populated\">\n\t\t\t\t\t\t<div class=\"elementor-element elementor-element-805c7e0 elementor-widget elementor-widget-html\" data-id=\"805c7e0\" data-element_type=\"widget\" data-e-type=\"widget\" data-widget_type=\"html.default\">\n\t\t\t\t<div class=\"elementor-widget-container\">\n\t\t\t\t\t<!-- Event snippet for Vista de p\u00e1gina conversion page -->\n<script>\n  gtag('event', 'conversion', {'send_to': 'AW-11468894302\/7jOYCOahl4cZEN7g5dwq'});\n<\/script>\t\t\t\t<\/div>\n\t\t\t\t<\/div>\n\t\t\t\t\t<\/div>\n\t\t<\/div>\n\t\t\t\t\t<\/div>\n\t\t<\/section>\n\t\t\t\t<\/div>","protected":false},"excerpt":{"rendered":"<p>Aml Anti Money Laundering The Code of Criminal Law (Penal Code) of Curacao lays down the procedures for the prosecution of a money laundering oence as well as the measures for the confiscation of property upon a conviction of money laundering, measures for the freezing of assets when a person is charged with an oence [&hellip;]<\/p>\n","protected":false},"author":1,"featured_media":0,"parent":0,"menu_order":0,"comment_status":"closed","ping_status":"closed","template":"","meta":{"footnotes":""},"class_list":["post-1550","page","type-page","status-publish","hentry"],"yoast_head":"<!-- This site is optimized with the Yoast SEO plugin v27.0 - https:\/\/yoast.com\/product\/yoast-seo-wordpress\/ -->\n<title>Aml Anti Money Laundering - GBS<\/title>\n<meta name=\"robots\" content=\"index, follow, max-snippet:-1, max-image-preview:large, max-video-preview:-1\" \/>\n<link rel=\"canonical\" href=\"https:\/\/gbsoft.io\/es\/aml-anti-money-laundering\/\" \/>\n<meta property=\"og:locale\" content=\"es_ES\" \/>\n<meta property=\"og:type\" content=\"article\" \/>\n<meta property=\"og:title\" content=\"Aml Anti Money Laundering - GBS\" \/>\n<meta property=\"og:description\" content=\"Aml Anti Money Laundering The Code of Criminal Law (Penal Code) of Curacao lays down the procedures for the prosecution of a money laundering oence as well as the measures for the confiscation of property upon a conviction of money laundering, measures for the freezing of assets when a person is charged with an oence [&hellip;]\" \/>\n<meta property=\"og:url\" content=\"https:\/\/gbsoft.io\/es\/aml-anti-money-laundering\/\" \/>\n<meta property=\"og:site_name\" content=\"GBS\" \/>\n<meta property=\"article:modified_time\" content=\"2024-04-29T23:28:21+00:00\" \/>\n<meta name=\"twitter:card\" content=\"summary_large_image\" \/>\n<meta name=\"twitter:label1\" content=\"Tiempo de lectura\" \/>\n\t<meta name=\"twitter:data1\" content=\"5 minutos\" \/>\n<script type=\"application\/ld+json\" class=\"yoast-schema-graph\">{\"@context\":\"https:\/\/schema.org\",\"@graph\":[{\"@type\":\"WebPage\",\"@id\":\"https:\/\/gbsoft.io\/aml-anti-money-laundering\/\",\"url\":\"https:\/\/gbsoft.io\/aml-anti-money-laundering\/\",\"name\":\"Aml Anti Money Laundering - GBS\",\"isPartOf\":{\"@id\":\"https:\/\/gbsoft.io\/#website\"},\"datePublished\":\"2024-04-29T23:18:30+00:00\",\"dateModified\":\"2024-04-29T23:28:21+00:00\",\"breadcrumb\":{\"@id\":\"https:\/\/gbsoft.io\/aml-anti-money-laundering\/#breadcrumb\"},\"inLanguage\":\"es\",\"potentialAction\":[{\"@type\":\"ReadAction\",\"target\":[\"https:\/\/gbsoft.io\/aml-anti-money-laundering\/\"]}]},{\"@type\":\"BreadcrumbList\",\"@id\":\"https:\/\/gbsoft.io\/aml-anti-money-laundering\/#breadcrumb\",\"itemListElement\":[{\"@type\":\"ListItem\",\"position\":1,\"name\":\"Portada\",\"item\":\"https:\/\/gbsoft.io\/\"},{\"@type\":\"ListItem\",\"position\":2,\"name\":\"Aml Anti Money Laundering\"}]},{\"@type\":\"WebSite\",\"@id\":\"https:\/\/gbsoft.io\/#website\",\"url\":\"https:\/\/gbsoft.io\/\",\"name\":\"GBS\",\"description\":\"Effective Software Whitelabel Solution For Your\u00a0Company\",\"publisher\":{\"@id\":\"https:\/\/gbsoft.io\/#organization\"},\"potentialAction\":[{\"@type\":\"SearchAction\",\"target\":{\"@type\":\"EntryPoint\",\"urlTemplate\":\"https:\/\/gbsoft.io\/?s={search_term_string}\"},\"query-input\":{\"@type\":\"PropertyValueSpecification\",\"valueRequired\":true,\"valueName\":\"search_term_string\"}}],\"inLanguage\":\"es\"},{\"@type\":\"Organization\",\"@id\":\"https:\/\/gbsoft.io\/#organization\",\"name\":\"GBS\",\"url\":\"https:\/\/gbsoft.io\/\",\"logo\":{\"@type\":\"ImageObject\",\"inLanguage\":\"es\",\"@id\":\"https:\/\/gbsoft.io\/#\/schema\/logo\/image\/\",\"url\":\"https:\/\/gbsoft.io\/wp-content\/uploads\/2023\/09\/LOGO-1.png\",\"contentUrl\":\"https:\/\/gbsoft.io\/wp-content\/uploads\/2023\/09\/LOGO-1.png\",\"width\":1080,\"height\":1080,\"caption\":\"GBS\"},\"image\":{\"@id\":\"https:\/\/gbsoft.io\/#\/schema\/logo\/image\/\"}}]}<\/script>\n<!-- \/ Yoast SEO plugin. -->","yoast_head_json":{"title":"Aml Anti Money Laundering - GBS","robots":{"index":"index","follow":"follow","max-snippet":"max-snippet:-1","max-image-preview":"max-image-preview:large","max-video-preview":"max-video-preview:-1"},"canonical":"https:\/\/gbsoft.io\/es\/aml-anti-money-laundering\/","og_locale":"es_ES","og_type":"article","og_title":"Aml Anti Money Laundering - GBS","og_description":"Aml Anti Money Laundering The Code of Criminal Law (Penal Code) of Curacao lays down the procedures for the prosecution of a money laundering oence as well as the measures for the confiscation of property upon a conviction of money laundering, measures for the freezing of assets when a person is charged with an oence [&hellip;]","og_url":"https:\/\/gbsoft.io\/es\/aml-anti-money-laundering\/","og_site_name":"GBS","article_modified_time":"2024-04-29T23:28:21+00:00","twitter_card":"summary_large_image","twitter_misc":{"Tiempo de lectura":"5 minutos"},"schema":{"@context":"https:\/\/schema.org","@graph":[{"@type":"WebPage","@id":"https:\/\/gbsoft.io\/aml-anti-money-laundering\/","url":"https:\/\/gbsoft.io\/aml-anti-money-laundering\/","name":"Aml Anti Money Laundering - GBS","isPartOf":{"@id":"https:\/\/gbsoft.io\/#website"},"datePublished":"2024-04-29T23:18:30+00:00","dateModified":"2024-04-29T23:28:21+00:00","breadcrumb":{"@id":"https:\/\/gbsoft.io\/aml-anti-money-laundering\/#breadcrumb"},"inLanguage":"es","potentialAction":[{"@type":"ReadAction","target":["https:\/\/gbsoft.io\/aml-anti-money-laundering\/"]}]},{"@type":"BreadcrumbList","@id":"https:\/\/gbsoft.io\/aml-anti-money-laundering\/#breadcrumb","itemListElement":[{"@type":"ListItem","position":1,"name":"Portada","item":"https:\/\/gbsoft.io\/"},{"@type":"ListItem","position":2,"name":"Aml Anti Money Laundering"}]},{"@type":"WebSite","@id":"https:\/\/gbsoft.io\/#website","url":"https:\/\/gbsoft.io\/","name":"GBS","description":"Effective Software Whitelabel Solution For Your\u00a0Company","publisher":{"@id":"https:\/\/gbsoft.io\/#organization"},"potentialAction":[{"@type":"SearchAction","target":{"@type":"EntryPoint","urlTemplate":"https:\/\/gbsoft.io\/?s={search_term_string}"},"query-input":{"@type":"PropertyValueSpecification","valueRequired":true,"valueName":"search_term_string"}}],"inLanguage":"es"},{"@type":"Organization","@id":"https:\/\/gbsoft.io\/#organization","name":"GBS","url":"https:\/\/gbsoft.io\/","logo":{"@type":"ImageObject","inLanguage":"es","@id":"https:\/\/gbsoft.io\/#\/schema\/logo\/image\/","url":"https:\/\/gbsoft.io\/wp-content\/uploads\/2023\/09\/LOGO-1.png","contentUrl":"https:\/\/gbsoft.io\/wp-content\/uploads\/2023\/09\/LOGO-1.png","width":1080,"height":1080,"caption":"GBS"},"image":{"@id":"https:\/\/gbsoft.io\/#\/schema\/logo\/image\/"}}]}},"_links":{"self":[{"href":"https:\/\/gbsoft.io\/es\/wp-json\/wp\/v2\/pages\/1550","targetHints":{"allow":["GET"]}}],"collection":[{"href":"https:\/\/gbsoft.io\/es\/wp-json\/wp\/v2\/pages"}],"about":[{"href":"https:\/\/gbsoft.io\/es\/wp-json\/wp\/v2\/types\/page"}],"author":[{"embeddable":true,"href":"https:\/\/gbsoft.io\/es\/wp-json\/wp\/v2\/users\/1"}],"replies":[{"embeddable":true,"href":"https:\/\/gbsoft.io\/es\/wp-json\/wp\/v2\/comments?post=1550"}],"version-history":[{"count":4,"href":"https:\/\/gbsoft.io\/es\/wp-json\/wp\/v2\/pages\/1550\/revisions"}],"predecessor-version":[{"id":1566,"href":"https:\/\/gbsoft.io\/es\/wp-json\/wp\/v2\/pages\/1550\/revisions\/1566"}],"wp:attachment":[{"href":"https:\/\/gbsoft.io\/es\/wp-json\/wp\/v2\/media?parent=1550"}],"curies":[{"name":"wp","href":"https:\/\/api.w.org\/{rel}","templated":true}]}}