{"id":1552,"date":"2024-04-30T01:18:47","date_gmt":"2024-04-29T23:18:47","guid":{"rendered":"https:\/\/gbsoft.io\/?page_id=1552"},"modified":"2024-04-30T02:05:04","modified_gmt":"2024-04-30T00:05:04","slug":"account-payouts-and-bonuses","status":"publish","type":"page","link":"https:\/\/gbsoft.io\/es\/account-payouts-and-bonuses\/","title":{"rendered":"Cuentas, Pagos y Bonos"},"content":{"rendered":"<div data-elementor-type=\"wp-page\" data-elementor-id=\"1552\" class=\"elementor elementor-1552\" data-elementor-post-type=\"page\">\n\t\t\t\t\t\t<section class=\"elementor-section elementor-top-section elementor-element elementor-element-3226612 elementor-section-height-min-height elementor-section-items-bottom elementor-section-boxed elementor-section-height-default\" data-id=\"3226612\" data-element_type=\"section\" data-e-type=\"section\" data-settings=\"{&quot;background_background&quot;:&quot;classic&quot;}\">\n\t\t\t\t\t\t\t<div class=\"elementor-background-overlay\"><\/div>\n\t\t\t\t\t\t\t<div class=\"elementor-container elementor-column-gap-default\">\n\t\t\t\t\t<div class=\"elementor-column elementor-col-33 elementor-top-column elementor-element elementor-element-2118dfc\" data-id=\"2118dfc\" data-element_type=\"column\" data-e-type=\"column\">\n\t\t\t<div class=\"elementor-widget-wrap\">\n\t\t\t\t\t\t\t<\/div>\n\t\t<\/div>\n\t\t\t\t<div class=\"elementor-column elementor-col-33 elementor-top-column elementor-element elementor-element-474776a\" data-id=\"474776a\" data-element_type=\"column\" data-e-type=\"column\">\n\t\t\t<div class=\"elementor-widget-wrap elementor-element-populated\">\n\t\t\t\t\t\t<section class=\"elementor-section elementor-inner-section elementor-element elementor-element-2ca1c2d elementor-section-boxed elementor-section-height-default elementor-section-height-default\" data-id=\"2ca1c2d\" data-element_type=\"section\" data-e-type=\"section\">\n\t\t\t\t\t\t<div class=\"elementor-container elementor-column-gap-default\">\n\t\t\t\t\t<div class=\"elementor-column elementor-col-100 elementor-inner-column elementor-element elementor-element-afa5590\" data-id=\"afa5590\" data-element_type=\"column\" data-e-type=\"column\">\n\t\t\t<div class=\"elementor-widget-wrap elementor-element-populated\">\n\t\t\t\t\t\t<div class=\"elementor-element elementor-element-012e2b4 elementor-widget elementor-widget-heading\" data-id=\"012e2b4\" data-element_type=\"widget\" data-e-type=\"widget\" data-widget_type=\"heading.default\">\n\t\t\t\t<div class=\"elementor-widget-container\">\n\t\t\t\t\t<h2 class=\"elementor-heading-title elementor-size-default\">Cuentas, Pagos y Bonos<\/h2>\t\t\t\t<\/div>\n\t\t\t\t<\/div>\n\t\t\t\t\t<\/div>\n\t\t<\/div>\n\t\t\t\t\t<\/div>\n\t\t<\/section>\n\t\t\t\t\t<\/div>\n\t\t<\/div>\n\t\t\t\t<div class=\"elementor-column elementor-col-33 elementor-top-column elementor-element elementor-element-1467743\" data-id=\"1467743\" data-element_type=\"column\" data-e-type=\"column\">\n\t\t\t<div class=\"elementor-widget-wrap\">\n\t\t\t\t\t\t\t<\/div>\n\t\t<\/div>\n\t\t\t\t\t<\/div>\n\t\t<\/section>\n\t\t\t\t<section class=\"elementor-section elementor-top-section elementor-element elementor-element-9a2c4e9 elementor-section-boxed elementor-section-height-default elementor-section-height-default\" data-id=\"9a2c4e9\" data-element_type=\"section\" data-e-type=\"section\" data-settings=\"{&quot;background_background&quot;:&quot;classic&quot;}\">\n\t\t\t\t\t\t<div class=\"elementor-container elementor-column-gap-default\">\n\t\t\t\t\t<div class=\"elementor-column elementor-col-33 elementor-top-column elementor-element elementor-element-4ffd4a7\" data-id=\"4ffd4a7\" data-element_type=\"column\" data-e-type=\"column\">\n\t\t\t<div class=\"elementor-widget-wrap\">\n\t\t\t\t\t\t\t<\/div>\n\t\t<\/div>\n\t\t\t\t<div class=\"elementor-column elementor-col-33 elementor-top-column elementor-element elementor-element-74cbcf4\" data-id=\"74cbcf4\" data-element_type=\"column\" data-e-type=\"column\">\n\t\t\t<div class=\"elementor-widget-wrap elementor-element-populated\">\n\t\t\t\t\t\t<div class=\"elementor-element elementor-element-273c370 elementor-widget elementor-widget-text-editor\" data-id=\"273c370\" data-element_type=\"widget\" data-e-type=\"widget\" data-widget_type=\"text-editor.default\">\n\t\t\t\t<div class=\"elementor-widget-container\">\n\t\t\t\t\t\t\t\t\t<p>Dep\u00f3sitos en la cuenta<br \/>1.1. Cuando abras una cuenta, es posible que te pidamos\nrealizar un dep\u00f3sito m\u00ednimo para participar en los servicios. Una vez que hayas\ndepositado, podr\u00e1s apostar hasta el monto disponible en tu cuenta.<\/p><p><br \/>1.2. No podr\u00e1s realizar un dep\u00f3sito hasta que tu nombre, direcci\u00f3n y fecha de\nnacimiento hayan sido verificados.<\/p><p><br \/>1.3. Puedes realizar dep\u00f3sitos en tu cuenta accediendo a la opci\u00f3n de 'cajero' en el\nsitio web.<\/p><p><br \/>1.4. Debes asegurarte de que el m\u00e9todo de pago que uses est\u00e9 registrado a tu nombre.\nAsumiremos que est\u00e1s cumpliendo con este requisito y no aceptamos responsabilidad\nsi no es as\u00ed.<\/p><p><br \/>1.5. Podemos utilizar proveedores de servicios de pago de terceros (PSP) para procesar\ndep\u00f3sitos y retiros de tu cuenta. Nos autorizas a usar PSP, seg\u00fan sea necesario, para\nprocesar transacciones.<\/p><p><br \/>1.6. No somos un banco ni una instituci\u00f3n financiera, y el saldo mantenido en tu\ncuenta no ganar\u00e1 intereses a tu favor. No ofrecemos ning\u00fan servicio de cr\u00e9dito.<\/p><p>\u00a0<\/p><p>Pagos<br \/>s 1.7. Puedes retirar tus propios dep\u00f3sitos en dinero real y ganancias mantenidas\nen tu cuenta en cualquier momento, siempre y cuando:<\/p><p><br \/>1.7.1. todos los pagos realizados en tu cuenta hayan sido confirmados como aclarados\ny no hayan sido devueltos, revertidos o cancelados de otra manera;<\/p><p><br \/>1.7.2. hayamos completado cualquier verificaci\u00f3n a nuestra satisfacci\u00f3n razonable. Si\nhemos solicitado informaci\u00f3n para llevar a cabo la verificaci\u00f3n, cualquier demora en\nproporcionar esta informaci\u00f3n puede causar una demora adicional al retirar fondos; y<\/p><p><br \/>1.7.3. actualmente no haya una investigaci\u00f3n en curso:<br \/>: a) sobre un defecto del servicio\nque involucra un servicio en el que hayas jugado\/apostado y que requiera una\ncongelaci\u00f3n temporal de los fondos; o<br \/>b) donde tengamos razones para creer que\npodr\u00edas haber participado en una pr\u00e1ctica ilegal o prohibida que nos permitir\u00eda retener\nlos fondos.<\/p><p><br \/>1.8. Ten en cuenta lo siguiente:<\/p><p><br \/>1.8.1. siempre que sea posible, procesaremos tus retiros utilizando el mismo m\u00e9todo\nde pago que usaste para realizar tus dep\u00f3sitos. Cuando no podamos hacerlo, podemos\ncontactarte para solicitarte detalles de pago alternativos.<\/p><p><br \/>1.8.2. Los pagos de retiros solo se pueden realizar a nombre del titular registrado de la\ncuenta.<\/p><p><br \/>1.8.3. Se debe completar un rollover de 1X (una vez) para solicitar un retiro.<\/p><p><br \/>Bonos<br \/>1.9. Pol\u00edtica de Bonos<\/p><p><br \/>Podemos ofrecer bonos y ofertas especiales de vez en cuando (incluyendo, pero no\nlimitado a, bonos de juegos, juegos gratuitos, giros gratis) que est\u00e1n sujetos a esta\nPol\u00edtica de Bonos, el Acuerdo de Usuario (seg\u00fan te sea aplicable) y cualquier t\u00e9rmino y\ncondici\u00f3n espec\u00edfica de la promoci\u00f3n disponible para ti (\"T\u00e9rminos de la Promoci\u00f3n\").\nEn caso de conflicto entre los t\u00e9rminos establecidos en los T\u00e9rminos y Condiciones de\nBonos, los T\u00e9rminos de Servicio y\/o los T\u00e9rminos de la Promoci\u00f3n (en la medida en que\nlos t\u00e9rminos se apliquen a un bono o una oferta especial), se aplicar\u00e1 el siguiente\norden de prioridad:<\/p><p>\u00a0<\/p><p>(i) T\u00e9rminos de la Promoci\u00f3n;<\/p><p>(ii) T\u00e9rminos y Condiciones de Bonos;<\/p><p>(iii) T\u00e9rminos de\nServicio.<\/p>\t\t\t\t\t\t\t\t<\/div>\n\t\t\t\t<\/div>\n\t\t\t\t\t<\/div>\n\t\t<\/div>\n\t\t\t\t<div class=\"elementor-column elementor-col-33 elementor-top-column elementor-element elementor-element-b7a9fed\" data-id=\"b7a9fed\" data-element_type=\"column\" data-e-type=\"column\">\n\t\t\t<div class=\"elementor-widget-wrap\">\n\t\t\t\t\t\t\t<\/div>\n\t\t<\/div>\n\t\t\t\t\t<\/div>\n\t\t<\/section>\n\t\t\t\t<section class=\"elementor-section elementor-top-section elementor-element elementor-element-97d1833 elementor-section-boxed elementor-section-height-default elementor-section-height-default\" data-id=\"97d1833\" data-element_type=\"section\" data-e-type=\"section\">\n\t\t\t\t\t\t<div class=\"elementor-container elementor-column-gap-default\">\n\t\t\t\t\t<div class=\"elementor-column elementor-col-100 elementor-top-column elementor-element elementor-element-42bda84\" data-id=\"42bda84\" data-element_type=\"column\" data-e-type=\"column\">\n\t\t\t<div class=\"elementor-widget-wrap elementor-element-populated\">\n\t\t\t\t\t\t<div class=\"elementor-element elementor-element-805c7e0 elementor-widget elementor-widget-html\" data-id=\"805c7e0\" data-element_type=\"widget\" data-e-type=\"widget\" data-widget_type=\"html.default\">\n\t\t\t\t<div class=\"elementor-widget-container\">\n\t\t\t\t\t<!-- Event snippet for Vista de p\u00e1gina conversion page -->\n<script>\n  gtag('event', 'conversion', {'send_to': 'AW-11468894302\/7jOYCOahl4cZEN7g5dwq'});\n<\/script>\t\t\t\t<\/div>\n\t\t\t\t<\/div>\n\t\t\t\t\t<\/div>\n\t\t<\/div>\n\t\t\t\t\t<\/div>\n\t\t<\/section>\n\t\t\t\t<\/div>","protected":false},"excerpt":{"rendered":"<p>Account, Payouts And Bonuses Account Deposits1.1.When you open an Account, we may require you to make a minimum deposit in order to participate in the Services. Once you have deposited, you can then wager up to the amount available in your Account. 1.2. You will not be able to make a deposit until your name, [&hellip;]<\/p>\n","protected":false},"author":1,"featured_media":0,"parent":0,"menu_order":0,"comment_status":"closed","ping_status":"closed","template":"","meta":{"footnotes":""},"class_list":["post-1552","page","type-page","status-publish","hentry"],"yoast_head":"<!-- This site is optimized with the Yoast SEO plugin v27.0 - https:\/\/yoast.com\/product\/yoast-seo-wordpress\/ -->\n<title>Account, Payouts And Bonuses - GBS<\/title>\n<meta name=\"robots\" content=\"index, follow, max-snippet:-1, max-image-preview:large, max-video-preview:-1\" \/>\n<link rel=\"canonical\" href=\"https:\/\/gbsoft.io\/es\/account-payouts-and-bonuses\/\" \/>\n<meta property=\"og:locale\" content=\"es_ES\" \/>\n<meta property=\"og:type\" content=\"article\" \/>\n<meta property=\"og:title\" content=\"Account, Payouts And Bonuses - GBS\" \/>\n<meta property=\"og:description\" content=\"Account, Payouts And Bonuses Account Deposits1.1.When you open an Account, we may require you to make a minimum deposit in order to participate in the Services. Once you have deposited, you can then wager up to the amount available in your Account. 1.2. You will not be able to make a deposit until your name, [&hellip;]\" \/>\n<meta property=\"og:url\" content=\"https:\/\/gbsoft.io\/es\/account-payouts-and-bonuses\/\" \/>\n<meta property=\"og:site_name\" content=\"GBS\" \/>\n<meta property=\"article:modified_time\" content=\"2024-04-30T00:05:04+00:00\" \/>\n<meta name=\"twitter:card\" content=\"summary_large_image\" \/>\n<meta name=\"twitter:label1\" content=\"Tiempo de lectura\" \/>\n\t<meta name=\"twitter:data1\" content=\"3 minutos\" \/>\n<script type=\"application\/ld+json\" class=\"yoast-schema-graph\">{\"@context\":\"https:\/\/schema.org\",\"@graph\":[{\"@type\":\"WebPage\",\"@id\":\"https:\/\/gbsoft.io\/account-payouts-and-bonuses\/\",\"url\":\"https:\/\/gbsoft.io\/account-payouts-and-bonuses\/\",\"name\":\"Account, Payouts And Bonuses - GBS\",\"isPartOf\":{\"@id\":\"https:\/\/gbsoft.io\/#website\"},\"datePublished\":\"2024-04-29T23:18:47+00:00\",\"dateModified\":\"2024-04-30T00:05:04+00:00\",\"breadcrumb\":{\"@id\":\"https:\/\/gbsoft.io\/account-payouts-and-bonuses\/#breadcrumb\"},\"inLanguage\":\"es\",\"potentialAction\":[{\"@type\":\"ReadAction\",\"target\":[\"https:\/\/gbsoft.io\/account-payouts-and-bonuses\/\"]}]},{\"@type\":\"BreadcrumbList\",\"@id\":\"https:\/\/gbsoft.io\/account-payouts-and-bonuses\/#breadcrumb\",\"itemListElement\":[{\"@type\":\"ListItem\",\"position\":1,\"name\":\"Portada\",\"item\":\"https:\/\/gbsoft.io\/\"},{\"@type\":\"ListItem\",\"position\":2,\"name\":\"Account, Payouts And Bonuses\"}]},{\"@type\":\"WebSite\",\"@id\":\"https:\/\/gbsoft.io\/#website\",\"url\":\"https:\/\/gbsoft.io\/\",\"name\":\"GBS\",\"description\":\"Effective Software Whitelabel Solution For Your\u00a0Company\",\"publisher\":{\"@id\":\"https:\/\/gbsoft.io\/#organization\"},\"potentialAction\":[{\"@type\":\"SearchAction\",\"target\":{\"@type\":\"EntryPoint\",\"urlTemplate\":\"https:\/\/gbsoft.io\/?s={search_term_string}\"},\"query-input\":{\"@type\":\"PropertyValueSpecification\",\"valueRequired\":true,\"valueName\":\"search_term_string\"}}],\"inLanguage\":\"es\"},{\"@type\":\"Organization\",\"@id\":\"https:\/\/gbsoft.io\/#organization\",\"name\":\"GBS\",\"url\":\"https:\/\/gbsoft.io\/\",\"logo\":{\"@type\":\"ImageObject\",\"inLanguage\":\"es\",\"@id\":\"https:\/\/gbsoft.io\/#\/schema\/logo\/image\/\",\"url\":\"https:\/\/gbsoft.io\/wp-content\/uploads\/2023\/09\/LOGO-1.png\",\"contentUrl\":\"https:\/\/gbsoft.io\/wp-content\/uploads\/2023\/09\/LOGO-1.png\",\"width\":1080,\"height\":1080,\"caption\":\"GBS\"},\"image\":{\"@id\":\"https:\/\/gbsoft.io\/#\/schema\/logo\/image\/\"}}]}<\/script>\n<!-- \/ Yoast SEO plugin. -->","yoast_head_json":{"title":"Account, Payouts And Bonuses - GBS","robots":{"index":"index","follow":"follow","max-snippet":"max-snippet:-1","max-image-preview":"max-image-preview:large","max-video-preview":"max-video-preview:-1"},"canonical":"https:\/\/gbsoft.io\/es\/account-payouts-and-bonuses\/","og_locale":"es_ES","og_type":"article","og_title":"Account, Payouts And Bonuses - GBS","og_description":"Account, Payouts And Bonuses Account Deposits1.1.When you open an Account, we may require you to make a minimum deposit in order to participate in the Services. Once you have deposited, you can then wager up to the amount available in your Account. 1.2. You will not be able to make a deposit until your name, [&hellip;]","og_url":"https:\/\/gbsoft.io\/es\/account-payouts-and-bonuses\/","og_site_name":"GBS","article_modified_time":"2024-04-30T00:05:04+00:00","twitter_card":"summary_large_image","twitter_misc":{"Tiempo de lectura":"3 minutos"},"schema":{"@context":"https:\/\/schema.org","@graph":[{"@type":"WebPage","@id":"https:\/\/gbsoft.io\/account-payouts-and-bonuses\/","url":"https:\/\/gbsoft.io\/account-payouts-and-bonuses\/","name":"Account, Payouts And Bonuses - GBS","isPartOf":{"@id":"https:\/\/gbsoft.io\/#website"},"datePublished":"2024-04-29T23:18:47+00:00","dateModified":"2024-04-30T00:05:04+00:00","breadcrumb":{"@id":"https:\/\/gbsoft.io\/account-payouts-and-bonuses\/#breadcrumb"},"inLanguage":"es","potentialAction":[{"@type":"ReadAction","target":["https:\/\/gbsoft.io\/account-payouts-and-bonuses\/"]}]},{"@type":"BreadcrumbList","@id":"https:\/\/gbsoft.io\/account-payouts-and-bonuses\/#breadcrumb","itemListElement":[{"@type":"ListItem","position":1,"name":"Portada","item":"https:\/\/gbsoft.io\/"},{"@type":"ListItem","position":2,"name":"Account, Payouts And Bonuses"}]},{"@type":"WebSite","@id":"https:\/\/gbsoft.io\/#website","url":"https:\/\/gbsoft.io\/","name":"GBS","description":"Effective Software Whitelabel Solution For Your\u00a0Company","publisher":{"@id":"https:\/\/gbsoft.io\/#organization"},"potentialAction":[{"@type":"SearchAction","target":{"@type":"EntryPoint","urlTemplate":"https:\/\/gbsoft.io\/?s={search_term_string}"},"query-input":{"@type":"PropertyValueSpecification","valueRequired":true,"valueName":"search_term_string"}}],"inLanguage":"es"},{"@type":"Organization","@id":"https:\/\/gbsoft.io\/#organization","name":"GBS","url":"https:\/\/gbsoft.io\/","logo":{"@type":"ImageObject","inLanguage":"es","@id":"https:\/\/gbsoft.io\/#\/schema\/logo\/image\/","url":"https:\/\/gbsoft.io\/wp-content\/uploads\/2023\/09\/LOGO-1.png","contentUrl":"https:\/\/gbsoft.io\/wp-content\/uploads\/2023\/09\/LOGO-1.png","width":1080,"height":1080,"caption":"GBS"},"image":{"@id":"https:\/\/gbsoft.io\/#\/schema\/logo\/image\/"}}]}},"_links":{"self":[{"href":"https:\/\/gbsoft.io\/es\/wp-json\/wp\/v2\/pages\/1552","targetHints":{"allow":["GET"]}}],"collection":[{"href":"https:\/\/gbsoft.io\/es\/wp-json\/wp\/v2\/pages"}],"about":[{"href":"https:\/\/gbsoft.io\/es\/wp-json\/wp\/v2\/types\/page"}],"author":[{"embeddable":true,"href":"https:\/\/gbsoft.io\/es\/wp-json\/wp\/v2\/users\/1"}],"replies":[{"embeddable":true,"href":"https:\/\/gbsoft.io\/es\/wp-json\/wp\/v2\/comments?post=1552"}],"version-history":[{"count":10,"href":"https:\/\/gbsoft.io\/es\/wp-json\/wp\/v2\/pages\/1552\/revisions"}],"predecessor-version":[{"id":1602,"href":"https:\/\/gbsoft.io\/es\/wp-json\/wp\/v2\/pages\/1552\/revisions\/1602"}],"wp:attachment":[{"href":"https:\/\/gbsoft.io\/es\/wp-json\/wp\/v2\/media?parent=1552"}],"curies":[{"name":"wp","href":"https:\/\/api.w.org\/{rel}","templated":true}]}}