{"id":1554,"date":"2024-04-30T01:35:50","date_gmt":"2024-04-29T23:35:50","guid":{"rendered":"https:\/\/gbsoft.io\/?page_id=1554"},"modified":"2024-04-30T01:39:37","modified_gmt":"2024-04-29T23:39:37","slug":"dispute-resolution","status":"publish","type":"page","link":"https:\/\/gbsoft.io\/es\/dispute-resolution\/","title":{"rendered":"Resoluci\u00f3n de Disputas"},"content":{"rendered":"<div data-elementor-type=\"wp-page\" data-elementor-id=\"1554\" class=\"elementor elementor-1554\" data-elementor-post-type=\"page\">\n\t\t\t\t\t\t<section class=\"elementor-section elementor-top-section elementor-element elementor-element-3226612 elementor-section-height-min-height elementor-section-items-bottom elementor-section-boxed elementor-section-height-default\" data-id=\"3226612\" data-element_type=\"section\" data-e-type=\"section\" data-settings=\"{&quot;background_background&quot;:&quot;classic&quot;}\">\n\t\t\t\t\t\t\t<div class=\"elementor-background-overlay\"><\/div>\n\t\t\t\t\t\t\t<div class=\"elementor-container elementor-column-gap-default\">\n\t\t\t\t\t<div class=\"elementor-column elementor-col-33 elementor-top-column elementor-element elementor-element-2118dfc\" data-id=\"2118dfc\" data-element_type=\"column\" data-e-type=\"column\">\n\t\t\t<div class=\"elementor-widget-wrap\">\n\t\t\t\t\t\t\t<\/div>\n\t\t<\/div>\n\t\t\t\t<div class=\"elementor-column elementor-col-33 elementor-top-column elementor-element elementor-element-474776a\" data-id=\"474776a\" data-element_type=\"column\" data-e-type=\"column\">\n\t\t\t<div class=\"elementor-widget-wrap elementor-element-populated\">\n\t\t\t\t\t\t<section class=\"elementor-section elementor-inner-section elementor-element elementor-element-2ca1c2d elementor-section-boxed elementor-section-height-default elementor-section-height-default\" data-id=\"2ca1c2d\" data-element_type=\"section\" data-e-type=\"section\">\n\t\t\t\t\t\t<div class=\"elementor-container elementor-column-gap-default\">\n\t\t\t\t\t<div class=\"elementor-column elementor-col-100 elementor-inner-column elementor-element elementor-element-afa5590\" data-id=\"afa5590\" data-element_type=\"column\" data-e-type=\"column\">\n\t\t\t<div class=\"elementor-widget-wrap elementor-element-populated\">\n\t\t\t\t\t\t<div class=\"elementor-element elementor-element-012e2b4 elementor-widget elementor-widget-heading\" data-id=\"012e2b4\" data-element_type=\"widget\" data-e-type=\"widget\" data-widget_type=\"heading.default\">\n\t\t\t\t<div class=\"elementor-widget-container\">\n\t\t\t\t\t<h2 class=\"elementor-heading-title elementor-size-default\">Resoluci\u00f3n de Disputas<\/h2>\t\t\t\t<\/div>\n\t\t\t\t<\/div>\n\t\t\t\t\t<\/div>\n\t\t<\/div>\n\t\t\t\t\t<\/div>\n\t\t<\/section>\n\t\t\t\t\t<\/div>\n\t\t<\/div>\n\t\t\t\t<div class=\"elementor-column elementor-col-33 elementor-top-column elementor-element elementor-element-1467743\" data-id=\"1467743\" data-element_type=\"column\" data-e-type=\"column\">\n\t\t\t<div class=\"elementor-widget-wrap\">\n\t\t\t\t\t\t\t<\/div>\n\t\t<\/div>\n\t\t\t\t\t<\/div>\n\t\t<\/section>\n\t\t\t\t<section class=\"elementor-section elementor-top-section elementor-element elementor-element-9a2c4e9 elementor-section-boxed elementor-section-height-default elementor-section-height-default\" data-id=\"9a2c4e9\" data-element_type=\"section\" data-e-type=\"section\" data-settings=\"{&quot;background_background&quot;:&quot;classic&quot;}\">\n\t\t\t\t\t\t<div class=\"elementor-container elementor-column-gap-default\">\n\t\t\t\t\t<div class=\"elementor-column elementor-col-33 elementor-top-column elementor-element elementor-element-4ffd4a7\" data-id=\"4ffd4a7\" data-element_type=\"column\" data-e-type=\"column\">\n\t\t\t<div class=\"elementor-widget-wrap\">\n\t\t\t\t\t\t\t<\/div>\n\t\t<\/div>\n\t\t\t\t<div class=\"elementor-column elementor-col-33 elementor-top-column elementor-element elementor-element-74cbcf4\" data-id=\"74cbcf4\" data-element_type=\"column\" data-e-type=\"column\">\n\t\t\t<div class=\"elementor-widget-wrap elementor-element-populated\">\n\t\t\t\t\t\t<div class=\"elementor-element elementor-element-273c370 elementor-widget elementor-widget-text-editor\" data-id=\"273c370\" data-element_type=\"widget\" data-e-type=\"widget\" data-widget_type=\"text-editor.default\">\n\t\t\t\t<div class=\"elementor-widget-container\">\n\t\t\t\t\t\t\t\t\t<p>GBS se compromete con nuestros clientes a proporcionar el mejor servicio y canales\npara resolver cualquier disputa o diferencia con sus clientes.<\/p><p><br \/>El saldo actual y el historial de transacciones de la cuenta se pueden ver en cualquier\nmomento. Si hay alguna reclamaci\u00f3n o disputa derivada de transacciones pasadas o\nactuales, el cliente debe contactar con el Departamento de Atenci\u00f3n al Cliente.<\/p><p><br \/>Nuestro servicio de atenci\u00f3n al cliente est\u00e1 disponible a trav\u00e9s de chat en vivo.<\/p><p><br \/>Presentar una reclamaci\u00f3n<br \/>En caso de que desees presentar una reclamaci\u00f3n, puedes hacerlo a trav\u00e9s de nuestro\nchat en vivo o enviar un correo electr\u00f3nico a infosales@gbsoft.io. Para que podamos\nresolver tu reclamaci\u00f3n lo m\u00e1s r\u00e1pido posible, es importante que nos proporciones\ntanta informaci\u00f3n como puedas, incluyendo:<\/p><p><br \/>Tu nombre<br \/>Tu nombre de usuario<br \/>Tu contrase\u00f1a<br \/>Detalles completos de tu reclamaci\u00f3n<\/p><p><br \/>Resoluci\u00f3n<br \/>Una vez que recibamos tu queja, se asignar\u00e1 un miembro del departamento de\nAtenci\u00f3n al Cliente para ayudarte y resolver el caso. Intentaremos responder dentro de\nlas 48 horas.<\/p><p><br \/>Desacuerdo con la resoluci\u00f3n<br \/>GBS intentar\u00e1 resolver todas las disputas de manera oportuna y responsable; sin\nembargo, cuando una controversia no se resuelva entre ambas partes, se nombrar\u00e1 un\n\u00e1rbitro externo del personal de GBS, para que la controversia pueda resolverse de\nmanera oportuna.<\/p><p><br \/>1.1. Por favor, ponte en contacto para quejas o preocupaciones sobre este sitio web a\ntrav\u00e9s de nuestro chat en vivo o env\u00eda un correo electr\u00f3nico a infosales@gbsoft.io.<\/p><p><br \/>1.2. Tras la resoluci\u00f3n de tu disputa, si a\u00fan no est\u00e1s satisfecho con ella, por favor,\nescala el asunto a Cura\u00e7ao eGaming completando el Formulario de Quejas a trav\u00e9s del\nsello CEG<\/p>\t\t\t\t\t\t\t\t<\/div>\n\t\t\t\t<\/div>\n\t\t\t\t\t<\/div>\n\t\t<\/div>\n\t\t\t\t<div class=\"elementor-column elementor-col-33 elementor-top-column elementor-element elementor-element-b7a9fed\" data-id=\"b7a9fed\" data-element_type=\"column\" data-e-type=\"column\">\n\t\t\t<div class=\"elementor-widget-wrap\">\n\t\t\t\t\t\t\t<\/div>\n\t\t<\/div>\n\t\t\t\t\t<\/div>\n\t\t<\/section>\n\t\t\t\t<section class=\"elementor-section elementor-top-section elementor-element elementor-element-97d1833 elementor-section-boxed elementor-section-height-default elementor-section-height-default\" data-id=\"97d1833\" data-element_type=\"section\" data-e-type=\"section\">\n\t\t\t\t\t\t<div class=\"elementor-container elementor-column-gap-default\">\n\t\t\t\t\t<div class=\"elementor-column elementor-col-100 elementor-top-column elementor-element elementor-element-42bda84\" data-id=\"42bda84\" data-element_type=\"column\" data-e-type=\"column\">\n\t\t\t<div class=\"elementor-widget-wrap elementor-element-populated\">\n\t\t\t\t\t\t<div class=\"elementor-element elementor-element-805c7e0 elementor-widget elementor-widget-html\" data-id=\"805c7e0\" data-element_type=\"widget\" data-e-type=\"widget\" data-widget_type=\"html.default\">\n\t\t\t\t<div class=\"elementor-widget-container\">\n\t\t\t\t\t<!-- Event snippet for Vista de p\u00e1gina conversion page -->\n<script>\n  gtag('event', 'conversion', {'send_to': 'AW-11468894302\/7jOYCOahl4cZEN7g5dwq'});\n<\/script>\t\t\t\t<\/div>\n\t\t\t\t<\/div>\n\t\t\t\t\t<\/div>\n\t\t<\/div>\n\t\t\t\t\t<\/div>\n\t\t<\/section>\n\t\t\t\t<\/div>","protected":false},"excerpt":{"rendered":"<p>Dispute Resolution GBS is commied to our clients to provide the best service and channels to resolve any dispute or dierence with their clients. The current balance and transaction history of the account can be viewed at any time. If there is any claim or dispute arising from past or current transactions, the customer should [&hellip;]<\/p>\n","protected":false},"author":1,"featured_media":0,"parent":0,"menu_order":0,"comment_status":"closed","ping_status":"closed","template":"","meta":{"footnotes":""},"class_list":["post-1554","page","type-page","status-publish","hentry"],"yoast_head":"<!-- This site is optimized with the Yoast SEO plugin v27.0 - https:\/\/yoast.com\/product\/yoast-seo-wordpress\/ -->\n<title>Dispute Resolution - GBS<\/title>\n<meta name=\"robots\" content=\"index, follow, max-snippet:-1, max-image-preview:large, max-video-preview:-1\" \/>\n<link rel=\"canonical\" href=\"https:\/\/gbsoft.io\/es\/dispute-resolution\/\" \/>\n<meta property=\"og:locale\" content=\"es_ES\" \/>\n<meta property=\"og:type\" content=\"article\" \/>\n<meta property=\"og:title\" content=\"Dispute Resolution - GBS\" \/>\n<meta property=\"og:description\" content=\"Dispute Resolution GBS is commied to our clients to provide the best service and channels to resolve any dispute or dierence with their clients. The current balance and transaction history of the account can be viewed at any time. If there is any claim or dispute arising from past or current transactions, the customer should [&hellip;]\" \/>\n<meta property=\"og:url\" content=\"https:\/\/gbsoft.io\/es\/dispute-resolution\/\" \/>\n<meta property=\"og:site_name\" content=\"GBS\" \/>\n<meta property=\"article:modified_time\" content=\"2024-04-29T23:39:37+00:00\" \/>\n<meta name=\"twitter:card\" content=\"summary_large_image\" \/>\n<meta name=\"twitter:label1\" content=\"Tiempo de lectura\" \/>\n\t<meta name=\"twitter:data1\" content=\"2 minutos\" \/>\n<script type=\"application\/ld+json\" class=\"yoast-schema-graph\">{\"@context\":\"https:\/\/schema.org\",\"@graph\":[{\"@type\":\"WebPage\",\"@id\":\"https:\/\/gbsoft.io\/dispute-resolution\/\",\"url\":\"https:\/\/gbsoft.io\/dispute-resolution\/\",\"name\":\"Dispute Resolution - GBS\",\"isPartOf\":{\"@id\":\"https:\/\/gbsoft.io\/#website\"},\"datePublished\":\"2024-04-29T23:35:50+00:00\",\"dateModified\":\"2024-04-29T23:39:37+00:00\",\"breadcrumb\":{\"@id\":\"https:\/\/gbsoft.io\/dispute-resolution\/#breadcrumb\"},\"inLanguage\":\"es\",\"potentialAction\":[{\"@type\":\"ReadAction\",\"target\":[\"https:\/\/gbsoft.io\/dispute-resolution\/\"]}]},{\"@type\":\"BreadcrumbList\",\"@id\":\"https:\/\/gbsoft.io\/dispute-resolution\/#breadcrumb\",\"itemListElement\":[{\"@type\":\"ListItem\",\"position\":1,\"name\":\"Portada\",\"item\":\"https:\/\/gbsoft.io\/\"},{\"@type\":\"ListItem\",\"position\":2,\"name\":\"Dispute Resolution\"}]},{\"@type\":\"WebSite\",\"@id\":\"https:\/\/gbsoft.io\/#website\",\"url\":\"https:\/\/gbsoft.io\/\",\"name\":\"GBS\",\"description\":\"Effective Software Whitelabel Solution For Your\u00a0Company\",\"publisher\":{\"@id\":\"https:\/\/gbsoft.io\/#organization\"},\"potentialAction\":[{\"@type\":\"SearchAction\",\"target\":{\"@type\":\"EntryPoint\",\"urlTemplate\":\"https:\/\/gbsoft.io\/?s={search_term_string}\"},\"query-input\":{\"@type\":\"PropertyValueSpecification\",\"valueRequired\":true,\"valueName\":\"search_term_string\"}}],\"inLanguage\":\"es\"},{\"@type\":\"Organization\",\"@id\":\"https:\/\/gbsoft.io\/#organization\",\"name\":\"GBS\",\"url\":\"https:\/\/gbsoft.io\/\",\"logo\":{\"@type\":\"ImageObject\",\"inLanguage\":\"es\",\"@id\":\"https:\/\/gbsoft.io\/#\/schema\/logo\/image\/\",\"url\":\"https:\/\/gbsoft.io\/wp-content\/uploads\/2023\/09\/LOGO-1.png\",\"contentUrl\":\"https:\/\/gbsoft.io\/wp-content\/uploads\/2023\/09\/LOGO-1.png\",\"width\":1080,\"height\":1080,\"caption\":\"GBS\"},\"image\":{\"@id\":\"https:\/\/gbsoft.io\/#\/schema\/logo\/image\/\"}}]}<\/script>\n<!-- \/ Yoast SEO plugin. -->","yoast_head_json":{"title":"Dispute Resolution - GBS","robots":{"index":"index","follow":"follow","max-snippet":"max-snippet:-1","max-image-preview":"max-image-preview:large","max-video-preview":"max-video-preview:-1"},"canonical":"https:\/\/gbsoft.io\/es\/dispute-resolution\/","og_locale":"es_ES","og_type":"article","og_title":"Dispute Resolution - GBS","og_description":"Dispute Resolution GBS is commied to our clients to provide the best service and channels to resolve any dispute or dierence with their clients. The current balance and transaction history of the account can be viewed at any time. If there is any claim or dispute arising from past or current transactions, the customer should [&hellip;]","og_url":"https:\/\/gbsoft.io\/es\/dispute-resolution\/","og_site_name":"GBS","article_modified_time":"2024-04-29T23:39:37+00:00","twitter_card":"summary_large_image","twitter_misc":{"Tiempo de lectura":"2 minutos"},"schema":{"@context":"https:\/\/schema.org","@graph":[{"@type":"WebPage","@id":"https:\/\/gbsoft.io\/dispute-resolution\/","url":"https:\/\/gbsoft.io\/dispute-resolution\/","name":"Dispute Resolution - GBS","isPartOf":{"@id":"https:\/\/gbsoft.io\/#website"},"datePublished":"2024-04-29T23:35:50+00:00","dateModified":"2024-04-29T23:39:37+00:00","breadcrumb":{"@id":"https:\/\/gbsoft.io\/dispute-resolution\/#breadcrumb"},"inLanguage":"es","potentialAction":[{"@type":"ReadAction","target":["https:\/\/gbsoft.io\/dispute-resolution\/"]}]},{"@type":"BreadcrumbList","@id":"https:\/\/gbsoft.io\/dispute-resolution\/#breadcrumb","itemListElement":[{"@type":"ListItem","position":1,"name":"Portada","item":"https:\/\/gbsoft.io\/"},{"@type":"ListItem","position":2,"name":"Dispute Resolution"}]},{"@type":"WebSite","@id":"https:\/\/gbsoft.io\/#website","url":"https:\/\/gbsoft.io\/","name":"GBS","description":"Effective Software Whitelabel Solution For Your\u00a0Company","publisher":{"@id":"https:\/\/gbsoft.io\/#organization"},"potentialAction":[{"@type":"SearchAction","target":{"@type":"EntryPoint","urlTemplate":"https:\/\/gbsoft.io\/?s={search_term_string}"},"query-input":{"@type":"PropertyValueSpecification","valueRequired":true,"valueName":"search_term_string"}}],"inLanguage":"es"},{"@type":"Organization","@id":"https:\/\/gbsoft.io\/#organization","name":"GBS","url":"https:\/\/gbsoft.io\/","logo":{"@type":"ImageObject","inLanguage":"es","@id":"https:\/\/gbsoft.io\/#\/schema\/logo\/image\/","url":"https:\/\/gbsoft.io\/wp-content\/uploads\/2023\/09\/LOGO-1.png","contentUrl":"https:\/\/gbsoft.io\/wp-content\/uploads\/2023\/09\/LOGO-1.png","width":1080,"height":1080,"caption":"GBS"},"image":{"@id":"https:\/\/gbsoft.io\/#\/schema\/logo\/image\/"}}]}},"_links":{"self":[{"href":"https:\/\/gbsoft.io\/es\/wp-json\/wp\/v2\/pages\/1554","targetHints":{"allow":["GET"]}}],"collection":[{"href":"https:\/\/gbsoft.io\/es\/wp-json\/wp\/v2\/pages"}],"about":[{"href":"https:\/\/gbsoft.io\/es\/wp-json\/wp\/v2\/types\/page"}],"author":[{"embeddable":true,"href":"https:\/\/gbsoft.io\/es\/wp-json\/wp\/v2\/users\/1"}],"replies":[{"embeddable":true,"href":"https:\/\/gbsoft.io\/es\/wp-json\/wp\/v2\/comments?post=1554"}],"version-history":[{"count":10,"href":"https:\/\/gbsoft.io\/es\/wp-json\/wp\/v2\/pages\/1554\/revisions"}],"predecessor-version":[{"id":1578,"href":"https:\/\/gbsoft.io\/es\/wp-json\/wp\/v2\/pages\/1554\/revisions\/1578"}],"wp:attachment":[{"href":"https:\/\/gbsoft.io\/es\/wp-json\/wp\/v2\/media?parent=1554"}],"curies":[{"name":"wp","href":"https:\/\/api.w.org\/{rel}","templated":true}]}}