{"id":1558,"date":"2024-04-30T01:19:44","date_gmt":"2024-04-29T23:19:44","guid":{"rendered":"https:\/\/gbsoft.io\/?page_id=1558"},"modified":"2024-04-30T01:43:25","modified_gmt":"2024-04-29T23:43:25","slug":"kyc-policy","status":"publish","type":"page","link":"https:\/\/gbsoft.io\/es\/kyc-policy\/","title":{"rendered":"Pol\u00edtica de KYC"},"content":{"rendered":"<div data-elementor-type=\"wp-page\" data-elementor-id=\"1558\" class=\"elementor elementor-1558\" data-elementor-post-type=\"page\">\n\t\t\t\t\t\t<section class=\"elementor-section elementor-top-section elementor-element elementor-element-3226612 elementor-section-height-min-height elementor-section-items-bottom elementor-section-boxed elementor-section-height-default\" data-id=\"3226612\" data-element_type=\"section\" data-e-type=\"section\" data-settings=\"{&quot;background_background&quot;:&quot;classic&quot;}\">\n\t\t\t\t\t\t\t<div class=\"elementor-background-overlay\"><\/div>\n\t\t\t\t\t\t\t<div class=\"elementor-container elementor-column-gap-default\">\n\t\t\t\t\t<div class=\"elementor-column elementor-col-33 elementor-top-column elementor-element elementor-element-2118dfc\" data-id=\"2118dfc\" data-element_type=\"column\" data-e-type=\"column\">\n\t\t\t<div class=\"elementor-widget-wrap\">\n\t\t\t\t\t\t\t<\/div>\n\t\t<\/div>\n\t\t\t\t<div class=\"elementor-column elementor-col-33 elementor-top-column elementor-element elementor-element-474776a\" data-id=\"474776a\" data-element_type=\"column\" data-e-type=\"column\">\n\t\t\t<div class=\"elementor-widget-wrap elementor-element-populated\">\n\t\t\t\t\t\t<section class=\"elementor-section elementor-inner-section elementor-element elementor-element-2ca1c2d elementor-section-boxed elementor-section-height-default elementor-section-height-default\" data-id=\"2ca1c2d\" data-element_type=\"section\" data-e-type=\"section\">\n\t\t\t\t\t\t<div class=\"elementor-container elementor-column-gap-default\">\n\t\t\t\t\t<div class=\"elementor-column elementor-col-100 elementor-inner-column elementor-element elementor-element-afa5590\" data-id=\"afa5590\" data-element_type=\"column\" data-e-type=\"column\">\n\t\t\t<div class=\"elementor-widget-wrap elementor-element-populated\">\n\t\t\t\t\t\t<div class=\"elementor-element elementor-element-012e2b4 elementor-widget elementor-widget-heading\" data-id=\"012e2b4\" data-element_type=\"widget\" data-e-type=\"widget\" data-widget_type=\"heading.default\">\n\t\t\t\t<div class=\"elementor-widget-container\">\n\t\t\t\t\t<h2 class=\"elementor-heading-title elementor-size-default\">Pol\u00edtica de KYC<\/h2>\t\t\t\t<\/div>\n\t\t\t\t<\/div>\n\t\t\t\t\t<\/div>\n\t\t<\/div>\n\t\t\t\t\t<\/div>\n\t\t<\/section>\n\t\t\t\t\t<\/div>\n\t\t<\/div>\n\t\t\t\t<div class=\"elementor-column elementor-col-33 elementor-top-column elementor-element elementor-element-1467743\" data-id=\"1467743\" data-element_type=\"column\" data-e-type=\"column\">\n\t\t\t<div class=\"elementor-widget-wrap\">\n\t\t\t\t\t\t\t<\/div>\n\t\t<\/div>\n\t\t\t\t\t<\/div>\n\t\t<\/section>\n\t\t\t\t<section class=\"elementor-section elementor-top-section elementor-element elementor-element-9a2c4e9 elementor-section-boxed elementor-section-height-default elementor-section-height-default\" data-id=\"9a2c4e9\" data-element_type=\"section\" data-e-type=\"section\" data-settings=\"{&quot;background_background&quot;:&quot;classic&quot;}\">\n\t\t\t\t\t\t<div class=\"elementor-container elementor-column-gap-default\">\n\t\t\t\t\t<div class=\"elementor-column elementor-col-33 elementor-top-column elementor-element elementor-element-4ffd4a7\" data-id=\"4ffd4a7\" data-element_type=\"column\" data-e-type=\"column\">\n\t\t\t<div class=\"elementor-widget-wrap\">\n\t\t\t\t\t\t\t<\/div>\n\t\t<\/div>\n\t\t\t\t<div class=\"elementor-column elementor-col-33 elementor-top-column elementor-element elementor-element-74cbcf4\" data-id=\"74cbcf4\" data-element_type=\"column\" data-e-type=\"column\">\n\t\t\t<div class=\"elementor-widget-wrap elementor-element-populated\">\n\t\t\t\t\t\t<div class=\"elementor-element elementor-element-273c370 elementor-widget elementor-widget-text-editor\" data-id=\"273c370\" data-element_type=\"widget\" data-e-type=\"widget\" data-widget_type=\"text-editor.default\">\n\t\t\t\t<div class=\"elementor-widget-container\">\n\t\t\t\t\t\t\t\t\t<p>La siguiente informaci\u00f3n debe proporcionarse durante el proceso de registro de la\ncuenta, ya que requerimos que haga ciertas divulgaciones antes de abrir una cuenta. Al\nregistrar una cuenta con nosotros, est\u00e1 aceptando, garantizando y representando que:<\/p><p>\u00a0<\/p><p>Tiene al menos 18 a\u00f1os de edad.<br \/>Nombre y apellido.<br \/>Direcci\u00f3n residencial.<br \/>Fecha de nacimiento.<br \/>Direcci\u00f3n de correo electr\u00f3nico y n\u00famero de contacto v\u00e1lidos.<br \/>Su nombre de usuario y contrase\u00f1a elegidos.<br \/>No se le permitir\u00e1 jugar hasta que hayamos verificado su nombre, direcci\u00f3n y fecha de\nnacimiento.<\/p><p>\u00a0<\/p><p>La edad en la que el juego es legal seg\u00fan cualquier ley aplicable a usted, la que sea\nmayor (por ejemplo, si la ley aplicable dice que debe tener 21 a\u00f1os para jugar,\nentonces debe tener 21 a\u00f1os para participar). Nos reservamos el derecho de solicitar\ndocumentaci\u00f3n de verificaci\u00f3n de edad a cualquier solicitante o cliente en cualquier\nmomento, y podemos anular cualquier transacci\u00f3n realizada con menores;<\/p><p>\u00a0<\/p><p>Proporcionar\u00e1 informaci\u00f3n verdadera al abrir su cuenta, incluyendo, sin limitaci\u00f3n: su\nfecha de nacimiento correcta, junto con una identificaci\u00f3n v\u00e1lida que lo demuestre, su\npa\u00eds de residencia, su direcci\u00f3n actual, direcci\u00f3n de correo electr\u00f3nico y n\u00famero de\ntel\u00e9fono personal. Debe informarnos de cualquier cambio en estos detalles;<\/p><p><br \/>Tiene la capacidad legal de celebrar un contrato vinculado, incluyendo estos t\u00e9rminos\ny condiciones y cualquier apuesta que realice;<\/p><p><br \/>Est\u00e1 abriendo su cuenta \u00fanicamente para su uso personal, y que est\u00e1 actuando en su\npropio nombre y no como agente en nombre de terceros;<\/p><p><br \/>No intentar\u00e1 vender ni transferir de ninguna manera el beneficio de su cuenta a ning\u00fan\ntercero, ni adquirir\u00e1 o intentar\u00e1 adquirir una cuenta que haya sido abierta a nombre de\nun tercero;<\/p><p><br \/>Es responsable de cumplir con sus propias leyes locales, nacionales, federales,\nestatales u otras relacionadas con las apuestas y el juego antes de abrir una cuenta,\nrealizar apuestas o utilizar nuestros servicios. Si se encuentra en un pa\u00eds donde el uso\nde un servicio en particular est\u00e1 prohibido, no debe (i) registrarse con nosotros para el\nservicio relevante; (ii) intentar utilizar ese servicio; o (iii) utilizar su tarjeta de pago u otro\nm\u00e9todo de pago para realizar apuestas o juegos con nosotros para el servicio ilegal;<\/p><p><br \/>No est\u00e1 prohibido por ninguna raz\u00f3n jugar con nosotros o utilizar los servicios;<\/p><p><br \/>No est\u00e1 actualmente sujeto a una autoexclusi\u00f3n de una cuenta con nosotros, ni ha\nsido excluido del juego por nosotros o cualquier otro operador.<\/p>\t\t\t\t\t\t\t\t<\/div>\n\t\t\t\t<\/div>\n\t\t\t\t\t<\/div>\n\t\t<\/div>\n\t\t\t\t<div class=\"elementor-column elementor-col-33 elementor-top-column elementor-element elementor-element-b7a9fed\" data-id=\"b7a9fed\" data-element_type=\"column\" data-e-type=\"column\">\n\t\t\t<div class=\"elementor-widget-wrap\">\n\t\t\t\t\t\t\t<\/div>\n\t\t<\/div>\n\t\t\t\t\t<\/div>\n\t\t<\/section>\n\t\t\t\t<section class=\"elementor-section elementor-top-section elementor-element elementor-element-97d1833 elementor-section-boxed elementor-section-height-default elementor-section-height-default\" data-id=\"97d1833\" data-element_type=\"section\" data-e-type=\"section\">\n\t\t\t\t\t\t<div class=\"elementor-container elementor-column-gap-default\">\n\t\t\t\t\t<div class=\"elementor-column elementor-col-100 elementor-top-column elementor-element elementor-element-42bda84\" data-id=\"42bda84\" data-element_type=\"column\" data-e-type=\"column\">\n\t\t\t<div class=\"elementor-widget-wrap elementor-element-populated\">\n\t\t\t\t\t\t<div class=\"elementor-element elementor-element-805c7e0 elementor-widget elementor-widget-html\" data-id=\"805c7e0\" data-element_type=\"widget\" data-e-type=\"widget\" data-widget_type=\"html.default\">\n\t\t\t\t<div class=\"elementor-widget-container\">\n\t\t\t\t\t<!-- Event snippet for Vista de p\u00e1gina conversion page -->\n<script>\n  gtag('event', 'conversion', {'send_to': 'AW-11468894302\/7jOYCOahl4cZEN7g5dwq'});\n<\/script>\t\t\t\t<\/div>\n\t\t\t\t<\/div>\n\t\t\t\t\t<\/div>\n\t\t<\/div>\n\t\t\t\t\t<\/div>\n\t\t<\/section>\n\t\t\t\t<\/div>","protected":false},"excerpt":{"rendered":"<p>Kyc Policy The following information must be provided during the Account registration process we require you to make certain disclosures before opening an account.When you register an account with us you are accepting, warranting and representing that: \u00a0 You are at least 18 years oldFirst and last name;Residential address;Date of birth;Valid email address and contact [&hellip;]<\/p>\n","protected":false},"author":1,"featured_media":0,"parent":0,"menu_order":0,"comment_status":"closed","ping_status":"closed","template":"","meta":{"footnotes":""},"class_list":["post-1558","page","type-page","status-publish","hentry"],"yoast_head":"<!-- This site is optimized with the Yoast SEO plugin v27.0 - https:\/\/yoast.com\/product\/yoast-seo-wordpress\/ -->\n<title>Kyc Policy - GBS<\/title>\n<meta name=\"robots\" content=\"index, follow, max-snippet:-1, max-image-preview:large, max-video-preview:-1\" \/>\n<link rel=\"canonical\" href=\"https:\/\/gbsoft.io\/es\/kyc-policy\/\" \/>\n<meta property=\"og:locale\" content=\"es_ES\" \/>\n<meta property=\"og:type\" content=\"article\" \/>\n<meta property=\"og:title\" content=\"Kyc Policy - GBS\" \/>\n<meta property=\"og:description\" content=\"Kyc Policy The following information must be provided during the Account registration process we require you to make certain disclosures before opening an account.When you register an account with us you are accepting, warranting and representing that: \u00a0 You are at least 18 years oldFirst and last name;Residential address;Date of birth;Valid email address and contact [&hellip;]\" \/>\n<meta property=\"og:url\" content=\"https:\/\/gbsoft.io\/es\/kyc-policy\/\" \/>\n<meta property=\"og:site_name\" content=\"GBS\" \/>\n<meta property=\"article:modified_time\" content=\"2024-04-29T23:43:25+00:00\" \/>\n<meta name=\"twitter:card\" content=\"summary_large_image\" \/>\n<meta name=\"twitter:label1\" content=\"Tiempo de lectura\" \/>\n\t<meta name=\"twitter:data1\" content=\"2 minutos\" \/>\n<script type=\"application\/ld+json\" class=\"yoast-schema-graph\">{\"@context\":\"https:\/\/schema.org\",\"@graph\":[{\"@type\":\"WebPage\",\"@id\":\"https:\/\/gbsoft.io\/kyc-policy\/\",\"url\":\"https:\/\/gbsoft.io\/kyc-policy\/\",\"name\":\"Kyc Policy - GBS\",\"isPartOf\":{\"@id\":\"https:\/\/gbsoft.io\/#website\"},\"datePublished\":\"2024-04-29T23:19:44+00:00\",\"dateModified\":\"2024-04-29T23:43:25+00:00\",\"breadcrumb\":{\"@id\":\"https:\/\/gbsoft.io\/kyc-policy\/#breadcrumb\"},\"inLanguage\":\"es\",\"potentialAction\":[{\"@type\":\"ReadAction\",\"target\":[\"https:\/\/gbsoft.io\/kyc-policy\/\"]}]},{\"@type\":\"BreadcrumbList\",\"@id\":\"https:\/\/gbsoft.io\/kyc-policy\/#breadcrumb\",\"itemListElement\":[{\"@type\":\"ListItem\",\"position\":1,\"name\":\"Portada\",\"item\":\"https:\/\/gbsoft.io\/\"},{\"@type\":\"ListItem\",\"position\":2,\"name\":\"Kyc Policy\"}]},{\"@type\":\"WebSite\",\"@id\":\"https:\/\/gbsoft.io\/#website\",\"url\":\"https:\/\/gbsoft.io\/\",\"name\":\"GBS\",\"description\":\"Effective Software Whitelabel Solution For Your\u00a0Company\",\"publisher\":{\"@id\":\"https:\/\/gbsoft.io\/#organization\"},\"potentialAction\":[{\"@type\":\"SearchAction\",\"target\":{\"@type\":\"EntryPoint\",\"urlTemplate\":\"https:\/\/gbsoft.io\/?s={search_term_string}\"},\"query-input\":{\"@type\":\"PropertyValueSpecification\",\"valueRequired\":true,\"valueName\":\"search_term_string\"}}],\"inLanguage\":\"es\"},{\"@type\":\"Organization\",\"@id\":\"https:\/\/gbsoft.io\/#organization\",\"name\":\"GBS\",\"url\":\"https:\/\/gbsoft.io\/\",\"logo\":{\"@type\":\"ImageObject\",\"inLanguage\":\"es\",\"@id\":\"https:\/\/gbsoft.io\/#\/schema\/logo\/image\/\",\"url\":\"https:\/\/gbsoft.io\/wp-content\/uploads\/2023\/09\/LOGO-1.png\",\"contentUrl\":\"https:\/\/gbsoft.io\/wp-content\/uploads\/2023\/09\/LOGO-1.png\",\"width\":1080,\"height\":1080,\"caption\":\"GBS\"},\"image\":{\"@id\":\"https:\/\/gbsoft.io\/#\/schema\/logo\/image\/\"}}]}<\/script>\n<!-- \/ Yoast SEO plugin. -->","yoast_head_json":{"title":"Kyc Policy - GBS","robots":{"index":"index","follow":"follow","max-snippet":"max-snippet:-1","max-image-preview":"max-image-preview:large","max-video-preview":"max-video-preview:-1"},"canonical":"https:\/\/gbsoft.io\/es\/kyc-policy\/","og_locale":"es_ES","og_type":"article","og_title":"Kyc Policy - GBS","og_description":"Kyc Policy The following information must be provided during the Account registration process we require you to make certain disclosures before opening an account.When you register an account with us you are accepting, warranting and representing that: \u00a0 You are at least 18 years oldFirst and last name;Residential address;Date of birth;Valid email address and contact [&hellip;]","og_url":"https:\/\/gbsoft.io\/es\/kyc-policy\/","og_site_name":"GBS","article_modified_time":"2024-04-29T23:43:25+00:00","twitter_card":"summary_large_image","twitter_misc":{"Tiempo de lectura":"2 minutos"},"schema":{"@context":"https:\/\/schema.org","@graph":[{"@type":"WebPage","@id":"https:\/\/gbsoft.io\/kyc-policy\/","url":"https:\/\/gbsoft.io\/kyc-policy\/","name":"Kyc Policy - GBS","isPartOf":{"@id":"https:\/\/gbsoft.io\/#website"},"datePublished":"2024-04-29T23:19:44+00:00","dateModified":"2024-04-29T23:43:25+00:00","breadcrumb":{"@id":"https:\/\/gbsoft.io\/kyc-policy\/#breadcrumb"},"inLanguage":"es","potentialAction":[{"@type":"ReadAction","target":["https:\/\/gbsoft.io\/kyc-policy\/"]}]},{"@type":"BreadcrumbList","@id":"https:\/\/gbsoft.io\/kyc-policy\/#breadcrumb","itemListElement":[{"@type":"ListItem","position":1,"name":"Portada","item":"https:\/\/gbsoft.io\/"},{"@type":"ListItem","position":2,"name":"Kyc Policy"}]},{"@type":"WebSite","@id":"https:\/\/gbsoft.io\/#website","url":"https:\/\/gbsoft.io\/","name":"GBS","description":"Effective Software Whitelabel Solution For Your\u00a0Company","publisher":{"@id":"https:\/\/gbsoft.io\/#organization"},"potentialAction":[{"@type":"SearchAction","target":{"@type":"EntryPoint","urlTemplate":"https:\/\/gbsoft.io\/?s={search_term_string}"},"query-input":{"@type":"PropertyValueSpecification","valueRequired":true,"valueName":"search_term_string"}}],"inLanguage":"es"},{"@type":"Organization","@id":"https:\/\/gbsoft.io\/#organization","name":"GBS","url":"https:\/\/gbsoft.io\/","logo":{"@type":"ImageObject","inLanguage":"es","@id":"https:\/\/gbsoft.io\/#\/schema\/logo\/image\/","url":"https:\/\/gbsoft.io\/wp-content\/uploads\/2023\/09\/LOGO-1.png","contentUrl":"https:\/\/gbsoft.io\/wp-content\/uploads\/2023\/09\/LOGO-1.png","width":1080,"height":1080,"caption":"GBS"},"image":{"@id":"https:\/\/gbsoft.io\/#\/schema\/logo\/image\/"}}]}},"_links":{"self":[{"href":"https:\/\/gbsoft.io\/es\/wp-json\/wp\/v2\/pages\/1558","targetHints":{"allow":["GET"]}}],"collection":[{"href":"https:\/\/gbsoft.io\/es\/wp-json\/wp\/v2\/pages"}],"about":[{"href":"https:\/\/gbsoft.io\/es\/wp-json\/wp\/v2\/types\/page"}],"author":[{"embeddable":true,"href":"https:\/\/gbsoft.io\/es\/wp-json\/wp\/v2\/users\/1"}],"replies":[{"embeddable":true,"href":"https:\/\/gbsoft.io\/es\/wp-json\/wp\/v2\/comments?post=1558"}],"version-history":[{"count":4,"href":"https:\/\/gbsoft.io\/es\/wp-json\/wp\/v2\/pages\/1558\/revisions"}],"predecessor-version":[{"id":1584,"href":"https:\/\/gbsoft.io\/es\/wp-json\/wp\/v2\/pages\/1558\/revisions\/1584"}],"wp:attachment":[{"href":"https:\/\/gbsoft.io\/es\/wp-json\/wp\/v2\/media?parent=1558"}],"curies":[{"name":"wp","href":"https:\/\/api.w.org\/{rel}","templated":true}]}}