{"id":1562,"date":"2024-04-30T01:20:21","date_gmt":"2024-04-29T23:20:21","guid":{"rendered":"https:\/\/gbsoft.io\/?page_id=1562"},"modified":"2024-04-30T01:57:41","modified_gmt":"2024-04-29T23:57:41","slug":"self-exclusion","status":"publish","type":"page","link":"https:\/\/gbsoft.io\/es\/self-exclusion\/","title":{"rendered":"Autoexclusi\u00f3n"},"content":{"rendered":"<div data-elementor-type=\"wp-page\" data-elementor-id=\"1562\" class=\"elementor elementor-1562\" data-elementor-post-type=\"page\">\n\t\t\t\t\t\t<section class=\"elementor-section elementor-top-section elementor-element elementor-element-3226612 elementor-section-height-min-height elementor-section-items-bottom elementor-section-boxed elementor-section-height-default\" data-id=\"3226612\" data-element_type=\"section\" data-e-type=\"section\" data-settings=\"{&quot;background_background&quot;:&quot;classic&quot;}\">\n\t\t\t\t\t\t\t<div class=\"elementor-background-overlay\"><\/div>\n\t\t\t\t\t\t\t<div class=\"elementor-container elementor-column-gap-default\">\n\t\t\t\t\t<div class=\"elementor-column elementor-col-33 elementor-top-column elementor-element elementor-element-2118dfc\" data-id=\"2118dfc\" data-element_type=\"column\" data-e-type=\"column\">\n\t\t\t<div class=\"elementor-widget-wrap\">\n\t\t\t\t\t\t\t<\/div>\n\t\t<\/div>\n\t\t\t\t<div class=\"elementor-column elementor-col-33 elementor-top-column elementor-element elementor-element-474776a\" data-id=\"474776a\" data-element_type=\"column\" data-e-type=\"column\">\n\t\t\t<div class=\"elementor-widget-wrap elementor-element-populated\">\n\t\t\t\t\t\t<section class=\"elementor-section elementor-inner-section elementor-element elementor-element-2ca1c2d elementor-section-boxed elementor-section-height-default elementor-section-height-default\" data-id=\"2ca1c2d\" data-element_type=\"section\" data-e-type=\"section\">\n\t\t\t\t\t\t<div class=\"elementor-container elementor-column-gap-default\">\n\t\t\t\t\t<div class=\"elementor-column elementor-col-100 elementor-inner-column elementor-element elementor-element-afa5590\" data-id=\"afa5590\" data-element_type=\"column\" data-e-type=\"column\">\n\t\t\t<div class=\"elementor-widget-wrap elementor-element-populated\">\n\t\t\t\t\t\t<div class=\"elementor-element elementor-element-012e2b4 elementor-widget elementor-widget-heading\" data-id=\"012e2b4\" data-element_type=\"widget\" data-e-type=\"widget\" data-widget_type=\"heading.default\">\n\t\t\t\t<div class=\"elementor-widget-container\">\n\t\t\t\t\t<h2 class=\"elementor-heading-title elementor-size-default\">Autoexclusi\u00f3n<\/h2>\t\t\t\t<\/div>\n\t\t\t\t<\/div>\n\t\t\t\t\t<\/div>\n\t\t<\/div>\n\t\t\t\t\t<\/div>\n\t\t<\/section>\n\t\t\t\t\t<\/div>\n\t\t<\/div>\n\t\t\t\t<div class=\"elementor-column elementor-col-33 elementor-top-column elementor-element elementor-element-1467743\" data-id=\"1467743\" data-element_type=\"column\" data-e-type=\"column\">\n\t\t\t<div class=\"elementor-widget-wrap\">\n\t\t\t\t\t\t\t<\/div>\n\t\t<\/div>\n\t\t\t\t\t<\/div>\n\t\t<\/section>\n\t\t\t\t<section class=\"elementor-section elementor-top-section elementor-element elementor-element-9a2c4e9 elementor-section-boxed elementor-section-height-default elementor-section-height-default\" data-id=\"9a2c4e9\" data-element_type=\"section\" data-e-type=\"section\" data-settings=\"{&quot;background_background&quot;:&quot;classic&quot;}\">\n\t\t\t\t\t\t<div class=\"elementor-container elementor-column-gap-default\">\n\t\t\t\t\t<div class=\"elementor-column elementor-col-33 elementor-top-column elementor-element elementor-element-4ffd4a7\" data-id=\"4ffd4a7\" data-element_type=\"column\" data-e-type=\"column\">\n\t\t\t<div class=\"elementor-widget-wrap\">\n\t\t\t\t\t\t\t<\/div>\n\t\t<\/div>\n\t\t\t\t<div class=\"elementor-column elementor-col-33 elementor-top-column elementor-element elementor-element-74cbcf4\" data-id=\"74cbcf4\" data-element_type=\"column\" data-e-type=\"column\">\n\t\t\t<div class=\"elementor-widget-wrap elementor-element-populated\">\n\t\t\t\t\t\t<div class=\"elementor-element elementor-element-273c370 elementor-widget elementor-widget-text-editor\" data-id=\"273c370\" data-element_type=\"widget\" data-e-type=\"widget\" data-widget_type=\"text-editor.default\">\n\t\t\t\t<div class=\"elementor-widget-container\">\n\t\t\t\t\t\t\t\t\t<p>Es nuestra responsabilidad asegurar que todos nuestros clientes tengan una\nexperiencia de juego segura y protegida con la ayuda de un personal completamente\ncapacitado que pueda identificar signos de adicci\u00f3n al juego y c\u00f3mo ayudar y proteger\na nuestros miembros con estos problemas. Para ayudar a nuestros jugadores a jugar\nde manera responsable, ofrecemos una selecci\u00f3n de opciones:<\/p><p>\u00a0<\/p><p>L\u00edmites de cuenta y de juego.<br \/>Per\u00edodos de descanso.<br \/>Per\u00edodos de autoexclusi\u00f3n.<br \/>Soporte al cliente disponible 24\/7<br \/>Herramientas personalizadas para ayudarle a gestionar su actividad en el\ncasino.<br \/>Enlaces directos a organizaciones de juego responsable.<br \/>Herramientas de Gesti\u00f3n de Juego<br \/>Entendemos que, a veces, puede ser dif\u00edcil para usted controlar su juego. Utilizando\nnuestras diferentes herramientas de gesti\u00f3n de juego, le tenemos cubierto. En unos\npocos pasos f\u00e1ciles, p\u00f3ngase en contacto con nuestro equipo de soporte al cliente y\npodr\u00e1 establecer l\u00edmites de dep\u00f3sito diarios, semanales o mensuales para protegerse\nde un problema de juego.<\/p><p>\u00a0<\/p><p>Tenga en cuenta: Para la protecci\u00f3n de nuestros jugadores, damos la opci\u00f3n de limitar\nsu saldo en cualquier momento, con la ayuda de nuestro equipo de soporte al cliente,\npuede aumentar o disminuir su l\u00edmite. Un aumento en los l\u00edmites puede tardar hasta 24\nhoras en completarse. Cuando se crean los l\u00edmites, depende del jugador seguirlos. Los\njugadores deben adherirse a los l\u00edmites que establecen y no crear otra cuenta para\nevitar estos l\u00edmites. No somos responsables de las p\u00e9rdidas fuera de los l\u00edmites\nestablecidos por los jugadores.<\/p><p>\u00a0<\/p><p>Nivel de Control de Acceso 1<br \/>Per\u00edodo de Descanso\nA veces simplemente necesita un tiempo fuera, y ofrecemos un per\u00edodo de descanso\nque var\u00eda de 24 horas a 6 semanas, donde el equipo de soporte al cliente puede\ncongelar temporalmente su cuenta.<\/p><p>\u00a0<\/p><p>Nivel de Control de Acceso 2:<br \/>Autoexclusi\u00f3n\nSi necesita m\u00e1s que un simple descanso, puede bloquearse a s\u00ed mismo de su cuenta\npor un per\u00edodo de tiempo mucho mayor. Nuestro per\u00edodo de autoexclusi\u00f3n permite al\nsoporte al cliente bloquear el acceso a su cuenta por un m\u00ednimo de seis meses hasta 5\na\u00f1os. Despu\u00e9s del per\u00edodo de autoexclusi\u00f3n, los jugadores deber\u00e1n contactar al\nsoporte al cliente para reabrir su cuenta. Las cuentas autoexcluidas se reabrir\u00e1n 24\nhoras despu\u00e9s de que se reciba la solicitud.<\/p><p>\u00a0<\/p><p>Tenga en cuenta: Cuando congela o se excluye de su cuenta, es responsabilidad del\njugador no reabrir la cuenta. Por favor, contacte al soporte al cliente si puede acceder a\nsu cuenta mientras est\u00e1 cerrada.<\/p>\t\t\t\t\t\t\t\t<\/div>\n\t\t\t\t<\/div>\n\t\t\t\t\t<\/div>\n\t\t<\/div>\n\t\t\t\t<div class=\"elementor-column elementor-col-33 elementor-top-column elementor-element elementor-element-b7a9fed\" data-id=\"b7a9fed\" data-element_type=\"column\" data-e-type=\"column\">\n\t\t\t<div class=\"elementor-widget-wrap\">\n\t\t\t\t\t\t\t<\/div>\n\t\t<\/div>\n\t\t\t\t\t<\/div>\n\t\t<\/section>\n\t\t\t\t<section class=\"elementor-section elementor-top-section elementor-element elementor-element-97d1833 elementor-section-boxed elementor-section-height-default elementor-section-height-default\" data-id=\"97d1833\" data-element_type=\"section\" data-e-type=\"section\">\n\t\t\t\t\t\t<div class=\"elementor-container elementor-column-gap-default\">\n\t\t\t\t\t<div class=\"elementor-column elementor-col-100 elementor-top-column elementor-element elementor-element-42bda84\" data-id=\"42bda84\" data-element_type=\"column\" data-e-type=\"column\">\n\t\t\t<div class=\"elementor-widget-wrap elementor-element-populated\">\n\t\t\t\t\t\t<div class=\"elementor-element elementor-element-805c7e0 elementor-widget elementor-widget-html\" data-id=\"805c7e0\" data-element_type=\"widget\" data-e-type=\"widget\" data-widget_type=\"html.default\">\n\t\t\t\t<div class=\"elementor-widget-container\">\n\t\t\t\t\t<!-- Event snippet for Vista de p\u00e1gina conversion page -->\n<script>\n  gtag('event', 'conversion', {'send_to': 'AW-11468894302\/7jOYCOahl4cZEN7g5dwq'});\n<\/script>\t\t\t\t<\/div>\n\t\t\t\t<\/div>\n\t\t\t\t\t<\/div>\n\t\t<\/div>\n\t\t\t\t\t<\/div>\n\t\t<\/section>\n\t\t\t\t<\/div>","protected":false},"excerpt":{"rendered":"<p>Self-Exclusion It is our responsibility to ensure that all of our customers are provided a safe and secure gaming experience with the help of a fully trained sta that can spot signs of gambling addiction and how to help and protect our members with these problems. To assist our players in playing responsibly, we provide [&hellip;]<\/p>\n","protected":false},"author":1,"featured_media":0,"parent":0,"menu_order":0,"comment_status":"closed","ping_status":"closed","template":"","meta":{"footnotes":""},"class_list":["post-1562","page","type-page","status-publish","hentry"],"yoast_head":"<!-- This site is optimized with the Yoast SEO plugin v27.0 - https:\/\/yoast.com\/product\/yoast-seo-wordpress\/ -->\n<title>Self-Exclusion - GBS<\/title>\n<meta name=\"robots\" content=\"index, follow, max-snippet:-1, max-image-preview:large, max-video-preview:-1\" \/>\n<link rel=\"canonical\" href=\"https:\/\/gbsoft.io\/es\/self-exclusion\/\" \/>\n<meta property=\"og:locale\" content=\"es_ES\" \/>\n<meta property=\"og:type\" content=\"article\" \/>\n<meta property=\"og:title\" content=\"Self-Exclusion - GBS\" \/>\n<meta property=\"og:description\" content=\"Self-Exclusion It is our responsibility to ensure that all of our customers are provided a safe and secure gaming experience with the help of a fully trained sta that can spot signs of gambling addiction and how to help and protect our members with these problems. To assist our players in playing responsibly, we provide [&hellip;]\" \/>\n<meta property=\"og:url\" content=\"https:\/\/gbsoft.io\/es\/self-exclusion\/\" \/>\n<meta property=\"og:site_name\" content=\"GBS\" \/>\n<meta property=\"article:modified_time\" content=\"2024-04-29T23:57:41+00:00\" \/>\n<meta name=\"twitter:card\" content=\"summary_large_image\" \/>\n<meta name=\"twitter:label1\" content=\"Tiempo de lectura\" \/>\n\t<meta name=\"twitter:data1\" content=\"2 minutos\" \/>\n<script type=\"application\/ld+json\" class=\"yoast-schema-graph\">{\"@context\":\"https:\/\/schema.org\",\"@graph\":[{\"@type\":\"WebPage\",\"@id\":\"https:\/\/gbsoft.io\/self-exclusion\/\",\"url\":\"https:\/\/gbsoft.io\/self-exclusion\/\",\"name\":\"Self-Exclusion - GBS\",\"isPartOf\":{\"@id\":\"https:\/\/gbsoft.io\/#website\"},\"datePublished\":\"2024-04-29T23:20:21+00:00\",\"dateModified\":\"2024-04-29T23:57:41+00:00\",\"breadcrumb\":{\"@id\":\"https:\/\/gbsoft.io\/self-exclusion\/#breadcrumb\"},\"inLanguage\":\"es\",\"potentialAction\":[{\"@type\":\"ReadAction\",\"target\":[\"https:\/\/gbsoft.io\/self-exclusion\/\"]}]},{\"@type\":\"BreadcrumbList\",\"@id\":\"https:\/\/gbsoft.io\/self-exclusion\/#breadcrumb\",\"itemListElement\":[{\"@type\":\"ListItem\",\"position\":1,\"name\":\"Portada\",\"item\":\"https:\/\/gbsoft.io\/\"},{\"@type\":\"ListItem\",\"position\":2,\"name\":\"Self-Exclusion\"}]},{\"@type\":\"WebSite\",\"@id\":\"https:\/\/gbsoft.io\/#website\",\"url\":\"https:\/\/gbsoft.io\/\",\"name\":\"GBS\",\"description\":\"Effective Software Whitelabel Solution For Your\u00a0Company\",\"publisher\":{\"@id\":\"https:\/\/gbsoft.io\/#organization\"},\"potentialAction\":[{\"@type\":\"SearchAction\",\"target\":{\"@type\":\"EntryPoint\",\"urlTemplate\":\"https:\/\/gbsoft.io\/?s={search_term_string}\"},\"query-input\":{\"@type\":\"PropertyValueSpecification\",\"valueRequired\":true,\"valueName\":\"search_term_string\"}}],\"inLanguage\":\"es\"},{\"@type\":\"Organization\",\"@id\":\"https:\/\/gbsoft.io\/#organization\",\"name\":\"GBS\",\"url\":\"https:\/\/gbsoft.io\/\",\"logo\":{\"@type\":\"ImageObject\",\"inLanguage\":\"es\",\"@id\":\"https:\/\/gbsoft.io\/#\/schema\/logo\/image\/\",\"url\":\"https:\/\/gbsoft.io\/wp-content\/uploads\/2023\/09\/LOGO-1.png\",\"contentUrl\":\"https:\/\/gbsoft.io\/wp-content\/uploads\/2023\/09\/LOGO-1.png\",\"width\":1080,\"height\":1080,\"caption\":\"GBS\"},\"image\":{\"@id\":\"https:\/\/gbsoft.io\/#\/schema\/logo\/image\/\"}}]}<\/script>\n<!-- \/ Yoast SEO plugin. -->","yoast_head_json":{"title":"Self-Exclusion - GBS","robots":{"index":"index","follow":"follow","max-snippet":"max-snippet:-1","max-image-preview":"max-image-preview:large","max-video-preview":"max-video-preview:-1"},"canonical":"https:\/\/gbsoft.io\/es\/self-exclusion\/","og_locale":"es_ES","og_type":"article","og_title":"Self-Exclusion - GBS","og_description":"Self-Exclusion It is our responsibility to ensure that all of our customers are provided a safe and secure gaming experience with the help of a fully trained sta that can spot signs of gambling addiction and how to help and protect our members with these problems. To assist our players in playing responsibly, we provide [&hellip;]","og_url":"https:\/\/gbsoft.io\/es\/self-exclusion\/","og_site_name":"GBS","article_modified_time":"2024-04-29T23:57:41+00:00","twitter_card":"summary_large_image","twitter_misc":{"Tiempo de lectura":"2 minutos"},"schema":{"@context":"https:\/\/schema.org","@graph":[{"@type":"WebPage","@id":"https:\/\/gbsoft.io\/self-exclusion\/","url":"https:\/\/gbsoft.io\/self-exclusion\/","name":"Self-Exclusion - GBS","isPartOf":{"@id":"https:\/\/gbsoft.io\/#website"},"datePublished":"2024-04-29T23:20:21+00:00","dateModified":"2024-04-29T23:57:41+00:00","breadcrumb":{"@id":"https:\/\/gbsoft.io\/self-exclusion\/#breadcrumb"},"inLanguage":"es","potentialAction":[{"@type":"ReadAction","target":["https:\/\/gbsoft.io\/self-exclusion\/"]}]},{"@type":"BreadcrumbList","@id":"https:\/\/gbsoft.io\/self-exclusion\/#breadcrumb","itemListElement":[{"@type":"ListItem","position":1,"name":"Portada","item":"https:\/\/gbsoft.io\/"},{"@type":"ListItem","position":2,"name":"Self-Exclusion"}]},{"@type":"WebSite","@id":"https:\/\/gbsoft.io\/#website","url":"https:\/\/gbsoft.io\/","name":"GBS","description":"Effective Software Whitelabel Solution For Your\u00a0Company","publisher":{"@id":"https:\/\/gbsoft.io\/#organization"},"potentialAction":[{"@type":"SearchAction","target":{"@type":"EntryPoint","urlTemplate":"https:\/\/gbsoft.io\/?s={search_term_string}"},"query-input":{"@type":"PropertyValueSpecification","valueRequired":true,"valueName":"search_term_string"}}],"inLanguage":"es"},{"@type":"Organization","@id":"https:\/\/gbsoft.io\/#organization","name":"GBS","url":"https:\/\/gbsoft.io\/","logo":{"@type":"ImageObject","inLanguage":"es","@id":"https:\/\/gbsoft.io\/#\/schema\/logo\/image\/","url":"https:\/\/gbsoft.io\/wp-content\/uploads\/2023\/09\/LOGO-1.png","contentUrl":"https:\/\/gbsoft.io\/wp-content\/uploads\/2023\/09\/LOGO-1.png","width":1080,"height":1080,"caption":"GBS"},"image":{"@id":"https:\/\/gbsoft.io\/#\/schema\/logo\/image\/"}}]}},"_links":{"self":[{"href":"https:\/\/gbsoft.io\/es\/wp-json\/wp\/v2\/pages\/1562","targetHints":{"allow":["GET"]}}],"collection":[{"href":"https:\/\/gbsoft.io\/es\/wp-json\/wp\/v2\/pages"}],"about":[{"href":"https:\/\/gbsoft.io\/es\/wp-json\/wp\/v2\/types\/page"}],"author":[{"embeddable":true,"href":"https:\/\/gbsoft.io\/es\/wp-json\/wp\/v2\/users\/1"}],"replies":[{"embeddable":true,"href":"https:\/\/gbsoft.io\/es\/wp-json\/wp\/v2\/comments?post=1562"}],"version-history":[{"count":4,"href":"https:\/\/gbsoft.io\/es\/wp-json\/wp\/v2\/pages\/1562\/revisions"}],"predecessor-version":[{"id":1593,"href":"https:\/\/gbsoft.io\/es\/wp-json\/wp\/v2\/pages\/1562\/revisions\/1593"}],"wp:attachment":[{"href":"https:\/\/gbsoft.io\/es\/wp-json\/wp\/v2\/media?parent=1562"}],"curies":[{"name":"wp","href":"https:\/\/api.w.org\/{rel}","templated":true}]}}